{"id":1198,"date":"2023-08-09T15:24:35","date_gmt":"2023-08-09T15:24:35","guid":{"rendered":"https:\/\/autoescolesmiro.com\/mi-cuenta\/"},"modified":"2023-08-10T15:59:54","modified_gmt":"2023-08-10T15:59:54","slug":"mi-cuenta","status":"publish","type":"page","link":"https:\/\/autoescolesmiro.com\/es\/mi-cuenta\/","title":{"rendered":"Mi cuenta"},"content":{"rendered":"<div data-elementor-type=\"wp-page\" data-elementor-id=\"1198\" class=\"elementor elementor-1198\" data-elementor-post-type=\"page\">\n\t\t\t\t\t\t<section class=\"elementor-section elementor-top-section elementor-element elementor-element-83ac60d elementor-section-full_width elementor-section-height-min-height elementor-section-height-default elementor-section-items-middle elementor-invisible\" data-id=\"83ac60d\" data-element_type=\"section\" data-e-type=\"section\" data-settings=\"{&quot;background_background&quot;:&quot;classic&quot;,&quot;animation&quot;:&quot;fadeInDown&quot;}\">\n\t\t\t\t\t\t<div class=\"elementor-container elementor-column-gap-no\">\n\t\t\t\t\t<div class=\"elementor-column elementor-col-100 elementor-top-column elementor-element elementor-element-20a1d997\" data-id=\"20a1d997\" data-element_type=\"column\" data-e-type=\"column\">\n\t\t\t<div class=\"elementor-widget-wrap elementor-element-populated\">\n\t\t\t\t\t\t<section class=\"elementor-section elementor-inner-section elementor-element elementor-element-1bec4128 elementor-section-boxed elementor-section-height-default elementor-section-height-default\" data-id=\"1bec4128\" data-element_type=\"section\" data-e-type=\"section\">\n\t\t\t\t\t\t<div class=\"elementor-container elementor-column-gap-default\">\n\t\t\t\t\t<div class=\"elementor-column elementor-col-50 elementor-inner-column elementor-element elementor-element-69a3c2fa\" data-id=\"69a3c2fa\" data-element_type=\"column\" data-e-type=\"column\">\n\t\t\t<div class=\"elementor-widget-wrap elementor-element-populated\">\n\t\t\t\t\t\t<div class=\"elementor-element elementor-element-a29474a elementor-hidden-desktop elementor-hidden-tablet elementor-widget elementor-widget-spacer\" data-id=\"a29474a\" data-element_type=\"widget\" data-e-type=\"widget\" data-widget_type=\"spacer.default\">\n\t\t\t\t<div class=\"elementor-widget-container\">\n\t\t\t\t\t\t\t<div class=\"elementor-spacer\">\n\t\t\t<div class=\"elementor-spacer-inner\"><\/div>\n\t\t<\/div>\n\t\t\t\t\t\t<\/div>\n\t\t\t\t<\/div>\n\t\t\t\t<div class=\"elementor-element elementor-element-6f70b2b0 elementor-widget elementor-widget-heading\" data-id=\"6f70b2b0\" data-element_type=\"widget\" data-e-type=\"widget\" data-widget_type=\"heading.default\">\n\t\t\t\t<div class=\"elementor-widget-container\">\n\t\t\t\t\t<h2 class=\"elementor-heading-title elementor-size-default\">Mi cuenta<\/h2>\t\t\t\t<\/div>\n\t\t\t\t<\/div>\n\t\t\t\t\t<\/div>\n\t\t<\/div>\n\t\t\t\t<div class=\"elementor-column elementor-col-50 elementor-inner-column elementor-element elementor-element-99300a1\" data-id=\"99300a1\" data-element_type=\"column\" data-e-type=\"column\">\n\t\t\t<div class=\"elementor-widget-wrap\">\n\t\t\t\t\t\t\t<\/div>\n\t\t<\/div>\n\t\t\t\t\t<\/div>\n\t\t<\/section>\n\t\t\t\t\t<\/div>\n\t\t<\/div>\n\t\t\t\t\t<\/div>\n\t\t<\/section>\n\t\t\t\t<section class=\"elementor-section elementor-top-section elementor-element elementor-element-1b81efb3 elementor-section-boxed elementor-section-height-default elementor-section-height-default\" data-id=\"1b81efb3\" data-element_type=\"section\" data-e-type=\"section\">\n\t\t\t\t\t\t<div class=\"elementor-container elementor-column-gap-default\">\n\t\t\t\t\t<div class=\"elementor-column elementor-col-100 elementor-top-column elementor-element elementor-element-7da651b1\" data-id=\"7da651b1\" data-element_type=\"column\" data-e-type=\"column\">\n\t\t\t<div class=\"elementor-widget-wrap elementor-element-populated\">\n\t\t\t\t\t\t<div class=\"elementor-element elementor-element-6f4817a1 elementor-widget elementor-widget-text-editor\" data-id=\"6f4817a1\" data-element_type=\"widget\" data-e-type=\"widget\" data-widget_type=\"text-editor.default\">\n\t\t\t\t<div class=\"elementor-widget-container\">\n\t\t\t\t\t\t\t\t\t<div class=\"woocommerce\"><\/div>\n\t\t\t\t\t\t\t\t<\/div>\n\t\t\t\t<\/div>\n\t\t\t\t\t<\/div>\n\t\t<\/div>\n\t\t\t\t\t<\/div>\n\t\t<\/section>\n\t\t\t\t<\/div>","protected":false},"excerpt":{"rendered":"<p>Mi cuenta<\/p>","protected":false},"author":3,"featured_media":0,"parent":0,"menu_order":0,"comment_status":"closed","ping_status":"closed","template":"","meta":{"_joinchat":[],"footnotes":""},"class_list":["post-1198","page","type-page","status-publish","hentry"],"yoast_head":"<!-- This site is optimized with the Yoast SEO plugin v27.3 - https:\/\/yoast.com\/product\/yoast-seo-wordpress\/ -->\n<title>Mi cuenta - Autoescoles Mir\u00f3<\/title>\n<meta name=\"robots\" content=\"index, follow, max-snippet:-1, max-image-preview:large, max-video-preview:-1\" \/>\n<link rel=\"canonical\" href=\"https:\/\/autoescolesmiro.com\/es\/mi-cuenta\/\" \/>\n<meta property=\"og:locale\" content=\"es_ES\" \/>\n<meta property=\"og:type\" content=\"article\" \/>\n<meta property=\"og:title\" content=\"Mi cuenta - Autoescoles Mir\u00f3\" \/>\n<meta property=\"og:description\" content=\"Mi cuenta\" \/>\n<meta property=\"og:url\" content=\"https:\/\/autoescolesmiro.com\/es\/mi-cuenta\/\" \/>\n<meta property=\"og:site_name\" content=\"Autoescoles Mir\u00f3\" \/>\n<meta property=\"article:publisher\" content=\"https:\/\/m.facebook.com\/autoescola.miro\/\" \/>\n<meta property=\"article:modified_time\" content=\"2023-08-10T15:59:54+00:00\" \/>\n<meta name=\"twitter:card\" content=\"summary_large_image\" \/>\n<script type=\"application\/ld+json\" class=\"yoast-schema-graph\">{\"@context\":\"https:\\\/\\\/schema.org\",\"@graph\":[{\"@type\":\"WebPage\",\"@id\":\"https:\\\/\\\/autoescolesmiro.com\\\/mi-cuenta\\\/\",\"url\":\"https:\\\/\\\/autoescolesmiro.com\\\/mi-cuenta\\\/\",\"name\":\"Mi cuenta - Autoescoles Mir\u00f3\",\"isPartOf\":{\"@id\":\"https:\\\/\\\/autoescolesmiro.com\\\/#website\"},\"datePublished\":\"2023-08-09T15:24:35+00:00\",\"dateModified\":\"2023-08-10T15:59:54+00:00\",\"breadcrumb\":{\"@id\":\"https:\\\/\\\/autoescolesmiro.com\\\/mi-cuenta\\\/#breadcrumb\"},\"inLanguage\":\"es\",\"potentialAction\":[{\"@type\":\"ReadAction\",\"target\":[\"https:\\\/\\\/autoescolesmiro.com\\\/mi-cuenta\\\/\"]}]},{\"@type\":\"BreadcrumbList\",\"@id\":\"https:\\\/\\\/autoescolesmiro.com\\\/mi-cuenta\\\/#breadcrumb\",\"itemListElement\":[{\"@type\":\"ListItem\",\"position\":1,\"name\":\"Portada\",\"item\":\"https:\\\/\\\/autoescolesmiro.com\\\/\"},{\"@type\":\"ListItem\",\"position\":2,\"name\":\"Mi cuenta\"}]},{\"@type\":\"WebSite\",\"@id\":\"https:\\\/\\\/autoescolesmiro.com\\\/#website\",\"url\":\"https:\\\/\\\/autoescolesmiro.com\\\/\",\"name\":\"Autoescoles Mir\u00f3\",\"description\":\"Autoescoles mir\u00f3 m\u00e9s de 60 anys formant conductors\",\"publisher\":{\"@id\":\"https:\\\/\\\/autoescolesmiro.com\\\/#organization\"},\"potentialAction\":[{\"@type\":\"SearchAction\",\"target\":{\"@type\":\"EntryPoint\",\"urlTemplate\":\"https:\\\/\\\/autoescolesmiro.com\\\/?s={search_term_string}\"},\"query-input\":{\"@type\":\"PropertyValueSpecification\",\"valueRequired\":true,\"valueName\":\"search_term_string\"}}],\"inLanguage\":\"es\"},{\"@type\":\"Organization\",\"@id\":\"https:\\\/\\\/autoescolesmiro.com\\\/#organization\",\"name\":\"Autoescoles Mir\u00f3\",\"url\":\"https:\\\/\\\/autoescolesmiro.com\\\/\",\"logo\":{\"@type\":\"ImageObject\",\"inLanguage\":\"es\",\"@id\":\"https:\\\/\\\/autoescolesmiro.com\\\/#\\\/schema\\\/logo\\\/image\\\/\",\"url\":\"https:\\\/\\\/autoescolesmiro.com\\\/wp-content\\\/uploads\\\/2023\\\/08\\\/Diseno-sin-titulo.png\",\"contentUrl\":\"https:\\\/\\\/autoescolesmiro.com\\\/wp-content\\\/uploads\\\/2023\\\/08\\\/Diseno-sin-titulo.png\",\"width\":1500,\"height\":1500,\"caption\":\"Autoescoles Mir\u00f3\"},\"image\":{\"@id\":\"https:\\\/\\\/autoescolesmiro.com\\\/#\\\/schema\\\/logo\\\/image\\\/\"},\"sameAs\":[\"https:\\\/\\\/m.facebook.com\\\/autoescola.miro\\\/\",\"https:\\\/\\\/www.instagram.com\\\/miroautoescoles\\\/\"]}]}<\/script>\n<!-- \/ Yoast SEO plugin. -->","yoast_head_json":{"title":"Mi cuenta - Autoescoles Mir\u00f3","robots":{"index":"index","follow":"follow","max-snippet":"max-snippet:-1","max-image-preview":"max-image-preview:large","max-video-preview":"max-video-preview:-1"},"canonical":"https:\/\/autoescolesmiro.com\/es\/mi-cuenta\/","og_locale":"es_ES","og_type":"article","og_title":"Mi cuenta - Autoescoles Mir\u00f3","og_description":"Mi cuenta","og_url":"https:\/\/autoescolesmiro.com\/es\/mi-cuenta\/","og_site_name":"Autoescoles Mir\u00f3","article_publisher":"https:\/\/m.facebook.com\/autoescola.miro\/","article_modified_time":"2023-08-10T15:59:54+00:00","twitter_card":"summary_large_image","schema":{"@context":"https:\/\/schema.org","@graph":[{"@type":"WebPage","@id":"https:\/\/autoescolesmiro.com\/mi-cuenta\/","url":"https:\/\/autoescolesmiro.com\/mi-cuenta\/","name":"Mi cuenta - Autoescoles Mir\u00f3","isPartOf":{"@id":"https:\/\/autoescolesmiro.com\/#website"},"datePublished":"2023-08-09T15:24:35+00:00","dateModified":"2023-08-10T15:59:54+00:00","breadcrumb":{"@id":"https:\/\/autoescolesmiro.com\/mi-cuenta\/#breadcrumb"},"inLanguage":"es","potentialAction":[{"@type":"ReadAction","target":["https:\/\/autoescolesmiro.com\/mi-cuenta\/"]}]},{"@type":"BreadcrumbList","@id":"https:\/\/autoescolesmiro.com\/mi-cuenta\/#breadcrumb","itemListElement":[{"@type":"ListItem","position":1,"name":"Portada","item":"https:\/\/autoescolesmiro.com\/"},{"@type":"ListItem","position":2,"name":"Mi cuenta"}]},{"@type":"WebSite","@id":"https:\/\/autoescolesmiro.com\/#website","url":"https:\/\/autoescolesmiro.com\/","name":"Autoescoles Mir\u00f3","description":"Autoescoles mir\u00f3 m\u00e9s de 60 anys formant conductors","publisher":{"@id":"https:\/\/autoescolesmiro.com\/#organization"},"potentialAction":[{"@type":"SearchAction","target":{"@type":"EntryPoint","urlTemplate":"https:\/\/autoescolesmiro.com\/?s={search_term_string}"},"query-input":{"@type":"PropertyValueSpecification","valueRequired":true,"valueName":"search_term_string"}}],"inLanguage":"es"},{"@type":"Organization","@id":"https:\/\/autoescolesmiro.com\/#organization","name":"Autoescoles Mir\u00f3","url":"https:\/\/autoescolesmiro.com\/","logo":{"@type":"ImageObject","inLanguage":"es","@id":"https:\/\/autoescolesmiro.com\/#\/schema\/logo\/image\/","url":"https:\/\/autoescolesmiro.com\/wp-content\/uploads\/2023\/08\/Diseno-sin-titulo.png","contentUrl":"https:\/\/autoescolesmiro.com\/wp-content\/uploads\/2023\/08\/Diseno-sin-titulo.png","width":1500,"height":1500,"caption":"Autoescoles Mir\u00f3"},"image":{"@id":"https:\/\/autoescolesmiro.com\/#\/schema\/logo\/image\/"},"sameAs":["https:\/\/m.facebook.com\/autoescola.miro\/","https:\/\/www.instagram.com\/miroautoescoles\/"]}]}},"_links":{"self":[{"href":"https:\/\/autoescolesmiro.com\/es\/wp-json\/wp\/v2\/pages\/1198","targetHints":{"allow":["GET"]}}],"collection":[{"href":"https:\/\/autoescolesmiro.com\/es\/wp-json\/wp\/v2\/pages"}],"about":[{"href":"https:\/\/autoescolesmiro.com\/es\/wp-json\/wp\/v2\/types\/page"}],"author":[{"embeddable":true,"href":"https:\/\/autoescolesmiro.com\/es\/wp-json\/wp\/v2\/users\/3"}],"replies":[{"embeddable":true,"href":"https:\/\/autoescolesmiro.com\/es\/wp-json\/wp\/v2\/comments?post=1198"}],"version-history":[{"count":9,"href":"https:\/\/autoescolesmiro.com\/es\/wp-json\/wp\/v2\/pages\/1198\/revisions"}],"predecessor-version":[{"id":1334,"href":"https:\/\/autoescolesmiro.com\/es\/wp-json\/wp\/v2\/pages\/1198\/revisions\/1334"}],"wp:attachment":[{"href":"https:\/\/autoescolesmiro.com\/es\/wp-json\/wp\/v2\/media?parent=1198"}],"curies":[{"name":"wp","href":"https:\/\/api.w.org\/{rel}","templated":true}]}}