{"id":1199,"date":"2024-01-08T16:15:11","date_gmt":"2024-01-08T16:15:11","guid":{"rendered":"https:\/\/autoescolesmiro.com\/?page_id=1199"},"modified":"2024-01-09T09:41:51","modified_gmt":"2024-01-09T09:41:51","slug":"termes-i-condicions-generals-de-venta-i-acceptacio","status":"publish","type":"page","link":"https:\/\/autoescolesmiro.com\/es\/termes-i-condicions-generals-de-venta-i-acceptacio\/","title":{"rendered":"T\u00e9rminos y condiciones generales de venda y aceptaci\u00f3n"},"content":{"rendered":"<div data-elementor-type=\"wp-page\" data-elementor-id=\"1199\" class=\"elementor elementor-1199\" data-elementor-post-type=\"page\">\n\t\t\t\t\t\t<section class=\"elementor-section elementor-top-section elementor-element elementor-element-5bfbbaa5 elementor-section-boxed elementor-section-height-default elementor-section-height-default\" data-id=\"5bfbbaa5\" data-element_type=\"section\" data-e-type=\"section\">\n\t\t\t\t\t\t<div class=\"elementor-container elementor-column-gap-default\">\n\t\t\t\t\t<div class=\"elementor-column elementor-col-100 elementor-top-column elementor-element elementor-element-f2dfd2c\" data-id=\"f2dfd2c\" data-element_type=\"column\" data-e-type=\"column\">\n\t\t\t<div class=\"elementor-widget-wrap elementor-element-populated\">\n\t\t\t\t\t\t<div class=\"elementor-element elementor-element-299d33c elementor-widget elementor-widget-spacer\" data-id=\"299d33c\" data-element_type=\"widget\" data-e-type=\"widget\" data-widget_type=\"spacer.default\">\n\t\t\t\t<div class=\"elementor-widget-container\">\n\t\t\t\t\t\t\t<div class=\"elementor-spacer\">\n\t\t\t<div class=\"elementor-spacer-inner\"><\/div>\n\t\t<\/div>\n\t\t\t\t\t\t<\/div>\n\t\t\t\t<\/div>\n\t\t\t\t<div class=\"elementor-element elementor-element-83da5a3 elementor-widget elementor-widget-heading\" data-id=\"83da5a3\" data-element_type=\"widget\" data-e-type=\"widget\" data-widget_type=\"heading.default\">\n\t\t\t\t<div class=\"elementor-widget-container\">\n\t\t\t\t\t<h1 class=\"elementor-heading-title elementor-size-default\">T\u00e9rminos y condiciones generales de venda y aceptaci\u00f3n<\/h1>\t\t\t\t<\/div>\n\t\t\t\t<\/div>\n\t\t\t\t<div class=\"elementor-element elementor-element-2750630d elementor-widget elementor-widget-text-editor\" data-id=\"2750630d\" data-element_type=\"widget\" data-e-type=\"widget\" data-widget_type=\"text-editor.default\">\n\t\t\t\t<div class=\"elementor-widget-container\">\n\t\t\t\t\t\t\t\t\t<p><\/p>\n<p><strong>1. Informaci\u00f3n previa al proceso contractual<\/strong><\/p>\n<p>Las Condiciones Generales de Contrataci\u00f3n regulan la relaci\u00f3n de venta a distancia entre MIR\u00d3 AUTOESCOLES, S.L. (de ahora en adelante, la Entidad o el vendedor) y el usuario o cliente, de acuerdo con las estipulaciones legales, en especial, la Ley 7\/1998, de 13 de abril, sobre Condiciones Generales de Contrataci\u00f3n, la Ley 3\/2014, de 27 de marzo, por la cual se modifica el texto refundido de la Ley<\/p>\n<p>General para la Defensa de los Consumidores y Usuarios y otras leyes complementarias, la Ley 7 \/1996, de 15 de enero, d'Ordenaci\u00f3 del Comercio Minorista y la Ley 34\/2002, de 11 de julio, de Servicios de la Sociedad de la Informaci\u00f3n y de E-commerce.<\/p>\n<p>Las presentes Condiciones Generales de Contrataci\u00f3n tendr\u00e1n un periodo de validez indefinido y ser\u00e1n aplicables a todas las contrataciones realizadas a trav\u00e9s del Portal https:\/\/autoescolesmiro.com\/.<\/p>\n<p>Es imposible contratar ning\u00fan producto y\/o servicio sin previamente aceptar estas Condiciones y la Pol\u00edtica de Privacidad. MIR\u00d3 AUTOESCOLES, S.L. se reserva el derecho a modificar unilateralmente estas Condiciones, sin que esto pueda afectar los servicios que fueron adquiridos previamente a la modificaci\u00f3n Sin embargo, la Entidad se reserva el derecho de aplicar, en determinados casos, unas Condiciones Particulares de Contrataci\u00f3n u otras cl\u00e1usulas o contratos espec\u00edficos que sustituyan, alteren o complementen estas Condiciones Generales cuando lo considere oportuno, anunci\u00e1ndolo en tiempo y forma.<\/p>\n<p>El usuario o cliente podr\u00e1 descargar a su ordenador e imprimir en todo momento las condiciones ssible contratar jefe producteGenerals de Contrataci\u00f3n, que se encuentran a su disposici\u00f3n al pie de p\u00e1gina del Portal. Su vigencia ir\u00e1 en funci\u00f3n de su exposici\u00f3n y estar\u00e1n vigentes hasta que sean modificadas por otras debidamente publicadas.<\/p>\n<p><strong>2. Datos identificativos del vendedor<\/strong><\/p>\n<p><strong>\u00a0<\/strong><\/p>\n<p>MIR\u00d3 AUTOESCOLES, S.L. es la Entidad que ofrece y vende por medio de la p\u00e1gina web https:\/\/autoescolesmiro.com\/ (de ahora en adelante, el Sitio web o Portal) todo tipo de servicios y productos relacionados con carnets de conducir, cursos profesionales, clases te\u00f3ricas y pr\u00e1cticas que se prestan desde los diferentes centros de autoescuela de su propiedad. A continuaci\u00f3n, se facilitan los datos de identificaci\u00f3n del vendedor:<br \/><br \/><\/p>\n<p>Identidad: MIR\u00d3 AUTOESCOLES, S.L.<br \/>CIF: B25395757<br \/>Direcci\u00f3n postal: Avda. Catalu\u00f1a, 1, 25310 Agramunt<br \/>Correo electr\u00f3nico:info@autoescolesmiro.com. Caracter\u00edsticas esenciales del producto y ofertas<\/p>\n<p><strong>3. Productos<\/strong><\/p>\n<p>Seguidamente, se se\u00f1alan los diferentes productos\/servicios que se pueden contratar a trav\u00e9s del Sitio web:<\/p>\n<ul>\n<li>Carn\u00e9 de coche (manual, autom\u00e1tico o adaptado)<\/li>\n<li>Carn\u00e9 de moto (ciclomotor, hasta 125cc, hasta 35kW, gran cilindrada)<\/li>\n<li>Otros permisos (B+E, B96, Cami\u00f3n, Tr\u00e1iler, Autob\u00fas, Veh\u00edculo Agr\u00edcola)<\/li>\n<li>Cursos profesionales (JEFE, ADR, Transportista)<\/li>\n<\/ul>\n<p>El detalle de los anteriores productos y servicios se puede encontrar cuando se solicita la matr\u00edcula en l\u00ednea y se selecciona el bot\u00f3n de \u201cMatric\u00falate en l\u00ednea\u201d o en el enlace https:\/\/autoescolesmiro.com\/.<\/p>\n<p>A cada producto\/servicio se concretan todos los aspectos que incluye su contrataci\u00f3n. A modo de ejemplo, la matr\u00edcula del permiso, las horas de curso, el material did\u00e1ctico, el examen, la licencia, la tramitaci\u00f3n del expediente\u2026<br \/>En el supuesto de servicios en oferta, promociones, regalos o descuentos, la Entidad indicar\u00e1 de forma clara y comprensible las caracter\u00edsticas, el precio y el periodo de validez de estos al Sitio web. Las ofertas y promociones se encontrar\u00e1n muy identificadas en el Portal y en el mismo procedimiento de compra .<\/p>\n<p><strong>4. Procedimiento de contrataci\u00f3n a distancia<\/strong><\/p>\n<p>A fin de adquirir los servicios ofrecidos al Sitio web, el usuario o cliente se tiene que dirigir al bot\u00f3n de \u201cMatric\u00falate en l\u00ednea\u201d o en el enlace https:\/\/autoescolesmiro.com\/. Para finalizar la compra, hay que completar los seis pasos que se indican y que aparecen sucesivamente:<\/p>\n<p>1) Elecci\u00f3n del tipo de permiso o curso:<br \/>a. Carn\u00e9 de coche (manual, autom\u00e1tico o adaptado)<br \/>b. Carn\u00e9 de moto (ciclomotor, hasta 125cc, hasta 35kW, gran cilindrada)<br \/>c. Otros permisos (B+E, B96, Cami\u00f3n, Tr\u00e1iler, Autob\u00fas, Veh\u00edculo Agr\u00edcola)<br \/>d. Cursos profesionales (JEFE, ADR, Transportista)<br \/>2) Elecci\u00f3n del centro de autoescuela: El usuario tiene que seleccionar la autoescuela en funci\u00f3n de la provincia (Barcelona, Tarragona y Lleida) y la ubicaci\u00f3n deseada.<br \/>3) Elecci\u00f3n del pack: En caso de existencia de varias opciones, el usuario tiene que escoger en funci\u00f3n de sus preferencias y servicios incluidos. Por ejemplo, si el cliente \u00fanicamente quiere comprar la matr\u00edcula del permiso y la te\u00f3rica o si tambi\u00e9n est\u00e1 interesado a a\u00f1adir clases pr\u00e1cticas, utilizar veh\u00edculos nuevos u otros servicios.<br \/>4) Formulario de datos personales: En este punto, el usuario tiene que introducir su nombre y apellidos, el n\u00famero de tel\u00e9fono y el correo electr\u00f3nico. As\u00ed mismo, para proceder con la compra se tienen que leer y aceptar tanto la Pol\u00edtica de Privacidad como las Condiciones Generales de Contrataci\u00f3n.<br \/>5) Resumen: En este apartado, se muestra un resumen de todo aquello seleccionado por el usuario en los pasos previos, junto con el precio, las tasas pertinentes y el total a pagar.<br \/>6) Formulario de pago: Finalmente, despu\u00e9s de elegir la forma de pago que m\u00e1s os convenga, el usuario puede proceder al pago de los servicios a trav\u00e9s de una plataforma de pago seguro, que permite la autenticaci\u00f3n del solicitante y el almacenamiento del resultado de la operaci\u00f3n a vuestro equipo.<\/p>\n<p>Una vez efectuada la compra, el usuario recibir\u00e1 al correo electr\u00f3nico proporcionado durante el procedimiento contrataci\u00f3n un justificante de la compra, con un resumen acreditativo de la operaci\u00f3n y de los servicios contratados.<\/p>\n<p>Como la contrataci\u00f3n de los servicios se realiza de forma electr\u00f3nica, la factura se enviar\u00e1 en formato electr\u00f3nico. El usuario podr\u00e1 solicitar otro medio de env\u00edo de la factura a la direcci\u00f3n de correo info@autoescolesmiro.com o en los mismos centros de la Entidad.<\/p>\n<p>El documento electr\u00f3nico se incorporar\u00e1 a las bases de datos, servidores y otros sistemas de almacenamiento de MIR\u00d3 AUTOESCOLES, S.L.<\/p>\n<p>Las lenguas en que se puede formalizar el contrato son el catal\u00e1n y el castellano.<br \/>En caso de que el usuario identifique errores en la introducci\u00f3n de vuestros datos durante el proceso de compra, podr\u00e9is contactar con la oficina donde se ha matriculado para corregirlos.<\/p>\n<p><strong>5. Precio, impuestos y tasas<\/strong><\/p>\n<p>Los productos y servicios que se ofrecen al Sitio web se comercializan a euros (\u20ac) e incluyen los impuestos y las tasas correspondientes. Igualmente, en el \u00faltimo paso, antes de finalizar el proceso de compra, el usuario o cliente podr\u00e1 consultar el precio del servicio que quiere contratar y el importe de las tasas aplicables de la Direcci\u00f3n General de Tr\u00e1fico relacionadas con la obtenci\u00f3n del permiso de circulaci\u00f3n de cualquier clase. Adem\u00e1s de estas dos cifras, el usuario o el cliente tambi\u00e9n podr\u00e1 visualizar claramente el precio final de la compra.<br \/>No existen gastos de entrega y transporte asociados en las ventas.<\/p>\n<p><strong>6. Forma de pago y prestaci\u00f3n de los servicios<\/strong><\/p>\n<p>Los m\u00e9todos de pago aceptados al Sitio web son la tarjeta de cr\u00e9dito o d\u00e9bito. Pr\u00f3ximamente, est\u00e1 prevista la incorporaci\u00f3n otros m\u00e9todos de pago digitales, como por ejemplo Bizum, paypal, etc.<\/p>\n<p><span style=\"color: var( --e-global-color-text ); font-family: var( --e-global-typography-text-font-family ), Sans-serif; font-size: var( --e-global-typography-text-font-size ); font-weight: var( --e-global-typography-text-font-weight ); letter-spacing: var( --e-global-typography-text-letter-spacing );\">Cuando el usuario o cliente se matricula en l\u00ednea, los datos facilitados mediante el Formulario de datos personales (nombre y apellidos, tel\u00e9fono y correo electr\u00f3nico) son reenviadas en el centro de autoescuela solicitado por el interesado. Desde esta autoescuela se pondr\u00e1n directamente en contacto con el comprador para iniciar la prestaci\u00f3n de los servicios contratados.<\/span><\/p>\n<p><strong>7. Duraci\u00f3n del servicio<\/strong><\/p>\n<p>La duraci\u00f3n m\u00ednima del contrato ser\u00e1 de 1 a\u00f1o.<br \/>La Entidad se reserva la facultad unilateral de cancelar la contrataci\u00f3n electr\u00f3nica de cualquier de sus productos y\/o servicios en cualquier momento, sin necesidad de comunicaci\u00f3n a los usuarios y con la \u00fanica obligaci\u00f3n de dar cumplimiento a los contratos celebrados con anterioridad a la cancelaci\u00f3n .<\/p>\n<p><strong>8. Derecho de dejaci\u00f3n<\/strong><\/p>\n<p>De acuerdo con el que dispone la normativa vigente en materia de defensa de los consumidores y usuarios, el cliente que contrata a distancia por el Sitio web tendr\u00e1 derecho a desistir del contrato de prestaci\u00f3n de servicios en un plazo de 14 d\u00edas naturales desde su celebraci\u00f3n, sin indicar el motivo y sin incurrir en ning\u00fan coste.<\/p>\n<p>Dicho derecho podr\u00e1 ejercerse mediante notificaci\u00f3n a trav\u00e9s del correo info@autoescolesmiro.com, se\u00f1alando inequ\u00edvocamente que es su intenci\u00f3n desistir del contrato de compra.<\/p>\n<p>En conformidad con aquello establecido en el art\u00edculo 103 de la Ley 3\/2014, de 27 de marzo, por la cual se modifica el texto refundido de la Ley General para la Defensa de los Consumidores y Usuarios, el derecho de dejaci\u00f3n no ser\u00e1 aplicable en aquellos contratos de prestaci\u00f3n de servicios la ejecuci\u00f3n de los cuales haya empezado, con el acuerdo del consumidor y usuario, antes de finalizar el plazo de 14 d\u00edas naturales, tampoco ser\u00e1 aplicable el derecho de dejaci\u00f3n a los suministros de servicios o bienes confeccionados de acuerdo con las especificaciones del consumidor o claramente personalizados, o que, por su naturaleza, no puedan ser vueltos o puedan deteriorarse o caducar con rapidez.<\/p>\n<p>Una vez el alumno acceda a la plataforma en l\u00ednea de realizaci\u00f3n de tests o asista presencialmente a realizar la formaci\u00f3n a nuestras instalaciones, quedar\u00e1 sin efecto el derecho de dejaci\u00f3n.<\/p>\n<p><strong>9. Reembolso del pago<\/strong><\/p>\n<p>La autoescuela reembolsar\u00e1 el usuario utilizando el mismo m\u00e9todo de pago que utiliz\u00f3 este para realizar la transacci\u00f3n inicial de compra, es decir, la transferencia bancaria. Este reembolso no generar\u00e1 ning\u00fan coste adicional al usuario. No obstante, si el producto o art\u00edculo adquirido ha sido librado f\u00edsicamente, la Entidad podr\u00eda retener este reembolso hasta haber recibido los productos en alg\u00fan centro.<\/p>\n<p><strong>10. Garant\u00eda comercial<\/strong><\/p>\n<p>Todos los servicios ofrecidos al Sitio web disfrutan de la garant\u00eda correspondiente al tipo de servicio, tiempo y forma de prestaci\u00f3n. MIR\u00d3 AUTOESCOLES, S.L. dispone de los permisos y licencias requeridas por normativa, as\u00ed como de las autorizaciones oficiales para ejercer la actividad. En el caso de cualquier incidencia pod\u00e9is contactar mediante el tel\u00e9fono 973 21 26 29 o el correo info@autoescolesmiro.com.<\/p>\n<p><strong>11. Legislaci\u00f3n y jurisdicci\u00f3n aplicable<\/strong><\/p>\n<p>Las presentes condiciones se rigen por la ley espa\u00f1ola.<br \/>La Entidad y el Usuario har\u00e1n todos los esfuerzos razonables para resolver de forma amistosa cualquier controversia que pudiera surgir de las presentes Condiciones Generales de Contrataci\u00f3n. A estos efectos las reclamaciones podr\u00e1n presentarse por tel\u00e9fono, por correo electr\u00f3nico o bien en el Canal: info@autoescolesmiro.com.<br \/>En el supuesto que las partes no pudieran resolver alguna controversia, ser\u00e1n competentes para resolverlas los jueces o tribunales que corresponda seg\u00fan la normativa vigente.<br \/>Adicionalmente, de acuerdo con el Reglamento (UE) 524\/2013 del Parlamento Europeo y del Consejo, de 21 de mayo de 2013, sobre resoluci\u00f3n de litigios en l\u00ednea en materia de consumo, os informamos que pod\u00e9is acceder a la plataforma de resoluci\u00f3n de litigios en l\u00ednea de la Uni\u00f3n Europea al siguiente enlace: https:\/\/ec.europa.eu\/consumers\/odr\/.<\/p>\n<p><\/p>\t\t\t\t\t\t\t\t<\/div>\n\t\t\t\t<\/div>\n\t\t\t\t<div class=\"elementor-element elementor-element-d4f8081 elementor-widget elementor-widget-text-editor\" data-id=\"d4f8081\" data-element_type=\"widget\" data-e-type=\"widget\" data-widget_type=\"text-editor.default\">\n\t\t\t\t<div class=\"elementor-widget-container\">\n\t\t\t\t\t\t\t\t\t<p><strong>Enlaces complementarios:<\/strong><br \/><a href=\"https:\/\/autoescolesmiro.com\/es\/politica-de-cookies-ue\/\">Pol\u00edtica de cookies<\/a><br \/><a href=\"https:\/\/autoescolesmiro.com\/es\/politiques-de-privacitat\/\">Pol\u00edtica de privacidad<\/a><\/p>\t\t\t\t\t\t\t\t<\/div>\n\t\t\t\t<\/div>\n\t\t\t\t\t<\/div>\n\t\t<\/div>\n\t\t\t\t\t<\/div>\n\t\t<\/section>\n\t\t\t\t<\/div>","protected":false},"excerpt":{"rendered":"<p>Termes i condicions generals de venta i acceptaci\u00f3 1. Informaci\u00f3 pr\u00e8via al proc\u00e9s contractual Les Condicions Generals de Contractaci\u00f3 regulen la relaci\u00f3 de venda a dist\u00e0ncia entre MIR\u00d3 AUTOESCOLES, S.L. (d&#8217;ara endavant, l&#8217;Entitat o el venedor) i l&#8217;usuari o client, d&#8217;acord amb les estipulacions legals, en especial, la Llei 7\/1998, de 13 d&#8217;abril, sobre Condicions [&hellip;]<\/p>\n","protected":false},"author":3,"featured_media":0,"parent":0,"menu_order":0,"comment_status":"closed","ping_status":"closed","template":"","meta":{"_joinchat":[],"footnotes":""},"class_list":["post-1199","page","type-page","status-publish","hentry"],"yoast_head":"<!-- This site is optimized with the Yoast SEO plugin v27.5 - https:\/\/yoast.com\/product\/yoast-seo-wordpress\/ -->\n<title>Termes i condicions generals de venta i acceptaci\u00f3 - Autoescoles Mir\u00f3<\/title>\n<meta name=\"robots\" content=\"index, follow, max-snippet:-1, max-image-preview:large, max-video-preview:-1\" \/>\n<link rel=\"canonical\" href=\"https:\/\/autoescolesmiro.com\/es\/termes-i-condicions-generals-de-venta-i-acceptacio\/\" \/>\n<meta property=\"og:locale\" content=\"es_ES\" \/>\n<meta property=\"og:type\" content=\"article\" \/>\n<meta property=\"og:title\" content=\"Termes i condicions generals de venta i acceptaci\u00f3 - Autoescoles Mir\u00f3\" \/>\n<meta property=\"og:description\" content=\"Termes i condicions generals de venta i acceptaci\u00f3 1. Informaci\u00f3 pr\u00e8via al proc\u00e9s contractual Les Condicions Generals de Contractaci\u00f3 regulen la relaci\u00f3 de venda a dist\u00e0ncia entre MIR\u00d3 AUTOESCOLES, S.L. (d&#8217;ara endavant, l&#8217;Entitat o el venedor) i l&#8217;usuari o client, d&#8217;acord amb les estipulacions legals, en especial, la Llei 7\/1998, de 13 d&#8217;abril, sobre Condicions [&hellip;]\" \/>\n<meta property=\"og:url\" content=\"https:\/\/autoescolesmiro.com\/es\/termes-i-condicions-generals-de-venta-i-acceptacio\/\" \/>\n<meta property=\"og:site_name\" content=\"Autoescoles Mir\u00f3\" \/>\n<meta property=\"article:publisher\" content=\"https:\/\/m.facebook.com\/autoescola.miro\/\" \/>\n<meta property=\"article:modified_time\" content=\"2024-01-09T09:41:51+00:00\" \/>\n<meta name=\"twitter:card\" content=\"summary_large_image\" \/>\n<meta name=\"twitter:label1\" content=\"Tiempo de lectura\" \/>\n\t<meta name=\"twitter:data1\" content=\"10 minutos\" \/>\n<script type=\"application\/ld+json\" class=\"yoast-schema-graph\">{\"@context\":\"https:\\\/\\\/schema.org\",\"@graph\":[{\"@type\":\"WebPage\",\"@id\":\"https:\\\/\\\/autoescolesmiro.com\\\/termes-i-condicions-generals-de-venta-i-acceptacio\\\/\",\"url\":\"https:\\\/\\\/autoescolesmiro.com\\\/termes-i-condicions-generals-de-venta-i-acceptacio\\\/\",\"name\":\"Termes i condicions generals de venta i acceptaci\u00f3 - Autoescoles Mir\u00f3\",\"isPartOf\":{\"@id\":\"https:\\\/\\\/autoescolesmiro.com\\\/#website\"},\"datePublished\":\"2024-01-08T16:15:11+00:00\",\"dateModified\":\"2024-01-09T09:41:51+00:00\",\"breadcrumb\":{\"@id\":\"https:\\\/\\\/autoescolesmiro.com\\\/termes-i-condicions-generals-de-venta-i-acceptacio\\\/#breadcrumb\"},\"inLanguage\":\"es\",\"potentialAction\":[{\"@type\":\"ReadAction\",\"target\":[\"https:\\\/\\\/autoescolesmiro.com\\\/termes-i-condicions-generals-de-venta-i-acceptacio\\\/\"]}]},{\"@type\":\"BreadcrumbList\",\"@id\":\"https:\\\/\\\/autoescolesmiro.com\\\/termes-i-condicions-generals-de-venta-i-acceptacio\\\/#breadcrumb\",\"itemListElement\":[{\"@type\":\"ListItem\",\"position\":1,\"name\":\"Portada\",\"item\":\"https:\\\/\\\/autoescolesmiro.com\\\/\"},{\"@type\":\"ListItem\",\"position\":2,\"name\":\"Termes i condicions generals de venta i acceptaci\u00f3\"}]},{\"@type\":\"WebSite\",\"@id\":\"https:\\\/\\\/autoescolesmiro.com\\\/#website\",\"url\":\"https:\\\/\\\/autoescolesmiro.com\\\/\",\"name\":\"Autoescoles Mir\u00f3\",\"description\":\"Autoescoles mir\u00f3 m\u00e9s de 60 anys formant conductors\",\"publisher\":{\"@id\":\"https:\\\/\\\/autoescolesmiro.com\\\/#organization\"},\"potentialAction\":[{\"@type\":\"SearchAction\",\"target\":{\"@type\":\"EntryPoint\",\"urlTemplate\":\"https:\\\/\\\/autoescolesmiro.com\\\/?s={search_term_string}\"},\"query-input\":{\"@type\":\"PropertyValueSpecification\",\"valueRequired\":true,\"valueName\":\"search_term_string\"}}],\"inLanguage\":\"es\"},{\"@type\":\"Organization\",\"@id\":\"https:\\\/\\\/autoescolesmiro.com\\\/#organization\",\"name\":\"Autoescoles Mir\u00f3\",\"url\":\"https:\\\/\\\/autoescolesmiro.com\\\/\",\"logo\":{\"@type\":\"ImageObject\",\"inLanguage\":\"es\",\"@id\":\"https:\\\/\\\/autoescolesmiro.com\\\/#\\\/schema\\\/logo\\\/image\\\/\",\"url\":\"https:\\\/\\\/autoescolesmiro.com\\\/wp-content\\\/uploads\\\/2023\\\/08\\\/Diseno-sin-titulo.png\",\"contentUrl\":\"https:\\\/\\\/autoescolesmiro.com\\\/wp-content\\\/uploads\\\/2023\\\/08\\\/Diseno-sin-titulo.png\",\"width\":1500,\"height\":1500,\"caption\":\"Autoescoles Mir\u00f3\"},\"image\":{\"@id\":\"https:\\\/\\\/autoescolesmiro.com\\\/#\\\/schema\\\/logo\\\/image\\\/\"},\"sameAs\":[\"https:\\\/\\\/m.facebook.com\\\/autoescola.miro\\\/\",\"https:\\\/\\\/www.instagram.com\\\/miroautoescoles\\\/\"]}]}<\/script>\n<!-- \/ Yoast SEO plugin. -->","yoast_head_json":{"title":"Termes i condicions generals de venta i acceptaci\u00f3 - Autoescoles Mir\u00f3","robots":{"index":"index","follow":"follow","max-snippet":"max-snippet:-1","max-image-preview":"max-image-preview:large","max-video-preview":"max-video-preview:-1"},"canonical":"https:\/\/autoescolesmiro.com\/es\/termes-i-condicions-generals-de-venta-i-acceptacio\/","og_locale":"es_ES","og_type":"article","og_title":"Termes i condicions generals de venta i acceptaci\u00f3 - Autoescoles Mir\u00f3","og_description":"Termes i condicions generals de venta i acceptaci\u00f3 1. Informaci\u00f3 pr\u00e8via al proc\u00e9s contractual Les Condicions Generals de Contractaci\u00f3 regulen la relaci\u00f3 de venda a dist\u00e0ncia entre MIR\u00d3 AUTOESCOLES, S.L. (d&#8217;ara endavant, l&#8217;Entitat o el venedor) i l&#8217;usuari o client, d&#8217;acord amb les estipulacions legals, en especial, la Llei 7\/1998, de 13 d&#8217;abril, sobre Condicions [&hellip;]","og_url":"https:\/\/autoescolesmiro.com\/es\/termes-i-condicions-generals-de-venta-i-acceptacio\/","og_site_name":"Autoescoles Mir\u00f3","article_publisher":"https:\/\/m.facebook.com\/autoescola.miro\/","article_modified_time":"2024-01-09T09:41:51+00:00","twitter_card":"summary_large_image","twitter_misc":{"Tiempo de lectura":"10 minutos"},"schema":{"@context":"https:\/\/schema.org","@graph":[{"@type":"WebPage","@id":"https:\/\/autoescolesmiro.com\/termes-i-condicions-generals-de-venta-i-acceptacio\/","url":"https:\/\/autoescolesmiro.com\/termes-i-condicions-generals-de-venta-i-acceptacio\/","name":"Termes i condicions generals de venta i acceptaci\u00f3 - Autoescoles Mir\u00f3","isPartOf":{"@id":"https:\/\/autoescolesmiro.com\/#website"},"datePublished":"2024-01-08T16:15:11+00:00","dateModified":"2024-01-09T09:41:51+00:00","breadcrumb":{"@id":"https:\/\/autoescolesmiro.com\/termes-i-condicions-generals-de-venta-i-acceptacio\/#breadcrumb"},"inLanguage":"es","potentialAction":[{"@type":"ReadAction","target":["https:\/\/autoescolesmiro.com\/termes-i-condicions-generals-de-venta-i-acceptacio\/"]}]},{"@type":"BreadcrumbList","@id":"https:\/\/autoescolesmiro.com\/termes-i-condicions-generals-de-venta-i-acceptacio\/#breadcrumb","itemListElement":[{"@type":"ListItem","position":1,"name":"Portada","item":"https:\/\/autoescolesmiro.com\/"},{"@type":"ListItem","position":2,"name":"Termes i condicions generals de venta i acceptaci\u00f3"}]},{"@type":"WebSite","@id":"https:\/\/autoescolesmiro.com\/#website","url":"https:\/\/autoescolesmiro.com\/","name":"Autoescoles Mir\u00f3","description":"Autoescoles mir\u00f3 m\u00e9s de 60 anys formant conductors","publisher":{"@id":"https:\/\/autoescolesmiro.com\/#organization"},"potentialAction":[{"@type":"SearchAction","target":{"@type":"EntryPoint","urlTemplate":"https:\/\/autoescolesmiro.com\/?s={search_term_string}"},"query-input":{"@type":"PropertyValueSpecification","valueRequired":true,"valueName":"search_term_string"}}],"inLanguage":"es"},{"@type":"Organization","@id":"https:\/\/autoescolesmiro.com\/#organization","name":"Autoescoles Mir\u00f3","url":"https:\/\/autoescolesmiro.com\/","logo":{"@type":"ImageObject","inLanguage":"es","@id":"https:\/\/autoescolesmiro.com\/#\/schema\/logo\/image\/","url":"https:\/\/autoescolesmiro.com\/wp-content\/uploads\/2023\/08\/Diseno-sin-titulo.png","contentUrl":"https:\/\/autoescolesmiro.com\/wp-content\/uploads\/2023\/08\/Diseno-sin-titulo.png","width":1500,"height":1500,"caption":"Autoescoles Mir\u00f3"},"image":{"@id":"https:\/\/autoescolesmiro.com\/#\/schema\/logo\/image\/"},"sameAs":["https:\/\/m.facebook.com\/autoescola.miro\/","https:\/\/www.instagram.com\/miroautoescoles\/"]}]}},"_links":{"self":[{"href":"https:\/\/autoescolesmiro.com\/es\/wp-json\/wp\/v2\/pages\/1199","targetHints":{"allow":["GET"]}}],"collection":[{"href":"https:\/\/autoescolesmiro.com\/es\/wp-json\/wp\/v2\/pages"}],"about":[{"href":"https:\/\/autoescolesmiro.com\/es\/wp-json\/wp\/v2\/types\/page"}],"author":[{"embeddable":true,"href":"https:\/\/autoescolesmiro.com\/es\/wp-json\/wp\/v2\/users\/3"}],"replies":[{"embeddable":true,"href":"https:\/\/autoescolesmiro.com\/es\/wp-json\/wp\/v2\/comments?post=1199"}],"version-history":[{"count":24,"href":"https:\/\/autoescolesmiro.com\/es\/wp-json\/wp\/v2\/pages\/1199\/revisions"}],"predecessor-version":[{"id":3842,"href":"https:\/\/autoescolesmiro.com\/es\/wp-json\/wp\/v2\/pages\/1199\/revisions\/3842"}],"wp:attachment":[{"href":"https:\/\/autoescolesmiro.com\/es\/wp-json\/wp\/v2\/media?parent=1199"}],"curies":[{"name":"wp","href":"https:\/\/api.w.org\/{rel}","templated":true}]}}