{"id":1290,"date":"2023-08-10T13:13:11","date_gmt":"2023-08-10T13:13:11","guid":{"rendered":"https:\/\/autoescolesmiro.com\/?post_type=product&#038;p=1290"},"modified":"2023-09-12T15:57:29","modified_gmt":"2023-09-12T15:57:29","slug":"permis-b-pack-1","status":"publish","type":"product","link":"https:\/\/autoescolesmiro.com\/es\/producto\/permis-b-pack-1\/","title":{"rendered":"PERM\u00cdS B &#8211; PACK 1"},"content":{"rendered":"<div data-elementor-type=\"product-post\" data-elementor-id=\"1290\" class=\"elementor elementor-1290\" data-elementor-post-type=\"product\">\n\t\t\t\t\t\t<section class=\"elementor-section elementor-top-section elementor-element elementor-element-d6d0388 elementor-section-boxed elementor-section-height-default elementor-section-height-default\" data-id=\"d6d0388\" data-element_type=\"section\" data-e-type=\"section\" data-settings=\"{&quot;background_background&quot;:&quot;classic&quot;}\">\n\t\t\t\t\t\t<div class=\"elementor-container elementor-column-gap-default\">\n\t\t\t\t\t<div class=\"elementor-column elementor-col-100 elementor-top-column elementor-element elementor-element-14a27fc\" data-id=\"14a27fc\" data-element_type=\"column\" data-e-type=\"column\">\n\t\t\t<div class=\"elementor-widget-wrap elementor-element-populated\">\n\t\t\t\t\t\t<div class=\"elementor-element elementor-element-6060354 elementor-widget elementor-widget-text-editor\" data-id=\"6060354\" data-element_type=\"widget\" data-e-type=\"widget\" data-widget_type=\"text-editor.default\">\n\t\t\t\t<div class=\"elementor-widget-container\">\n\t\t\t\t\t\t\t\t\t<p><strong>QU\u00c8 INCLOU?<\/strong><\/p>\t\t\t\t\t\t\t\t<\/div>\n\t\t\t\t<\/div>\n\t\t\t\t<div class=\"elementor-element elementor-element-ecb8ed3 elementor-icon-list--layout-traditional elementor-list-item-link-full_width elementor-widget elementor-widget-icon-list\" data-id=\"ecb8ed3\" data-element_type=\"widget\" data-e-type=\"widget\" data-widget_type=\"icon-list.default\">\n\t\t\t\t<div class=\"elementor-widget-container\">\n\t\t\t\t\t\t\t<ul class=\"elementor-icon-list-items\">\n\t\t\t\t\t\t\t<li class=\"elementor-icon-list-item\">\n\t\t\t\t\t\t\t\t\t\t\t<span class=\"elementor-icon-list-icon\">\n\t\t\t\t\t\t\t<i aria-hidden=\"true\" class=\"fas fa-check-circle\"><\/i>\t\t\t\t\t\t<\/span>\n\t\t\t\t\t\t\t\t\t\t<span class=\"elementor-icon-list-text\">Matr\u00edcula<\/span>\n\t\t\t\t\t\t\t\t\t<\/li>\n\t\t\t\t\t\t\t\t<li class=\"elementor-icon-list-item\">\n\t\t\t\t\t\t\t\t\t\t\t<span class=\"elementor-icon-list-icon\">\n\t\t\t\t\t\t\t<i aria-hidden=\"true\" class=\"fas fa-check-circle\"><\/i>\t\t\t\t\t\t<\/span>\n\t\t\t\t\t\t\t\t\t\t<span class=\"elementor-icon-list-text\">Te\u00f2rica (Test Online + Llibre + Professor Virtual)<\/span>\n\t\t\t\t\t\t\t\t\t<\/li>\n\t\t\t\t\t\t\t\t<li class=\"elementor-icon-list-item\">\n\t\t\t\t\t\t\t\t\t\t\t<span class=\"elementor-icon-list-icon\">\n\t\t\t\t\t\t\t<i aria-hidden=\"true\" class=\"fas fa-check-circle\"><\/i>\t\t\t\t\t\t<\/span>\n\t\t\t\t\t\t\t\t\t\t<span class=\"elementor-icon-list-text\">Tramitaci\u00f3 d'Expedient<\/span>\n\t\t\t\t\t\t\t\t\t<\/li>\n\t\t\t\t\t\t\t\t<li class=\"elementor-icon-list-item\">\n\t\t\t\t\t\t\t\t\t\t\t<span class=\"elementor-icon-list-icon\">\n\t\t\t\t\t\t\t<i aria-hidden=\"true\" class=\"fas fa-check-circle\"><\/i>\t\t\t\t\t\t<\/span>\n\t\t\t\t\t\t\t\t\t\t<span class=\"elementor-icon-list-text\">Ex\u00e0men Te\u00f2rica<\/span>\n\t\t\t\t\t\t\t\t\t<\/li>\n\t\t\t\t\t\t<\/ul>\n\t\t\t\t\t\t<\/div>\n\t\t\t\t<\/div>\n\t\t\t\t\t<\/div>\n\t\t<\/div>\n\t\t\t\t\t<\/div>\n\t\t<\/section>\n\t\t\t\t<\/div>","protected":false},"excerpt":{"rendered":"<p><img decoding=\"async\" class=\"alignnone wp-image-1766\" src=\"https:\/\/autoescolesmiro.com\/wp-content\/uploads\/2023\/08\/check.png\" alt=\"\" width=\"27\" height=\"24\" \/> Matr\u00edcula<\/p>\n<p><img decoding=\"async\" class=\"alignnone wp-image-1766\" src=\"https:\/\/autoescolesmiro.com\/wp-content\/uploads\/2023\/08\/check.png\" alt=\"\" width=\"27\" height=\"24\" \/> Te\u00f2rica (Test online + Llibre + Professor Virtual<\/p>\n<p><img decoding=\"async\" class=\"alignnone wp-image-1766\" src=\"https:\/\/autoescolesmiro.com\/wp-content\/uploads\/2023\/08\/check.png\" alt=\"\" width=\"27\" height=\"24\" \/> Tramitaci\u00f3 d\u2019expedient<\/p>\n<p><img decoding=\"async\" class=\"alignnone wp-image-1766\" src=\"https:\/\/autoescolesmiro.com\/wp-content\/uploads\/2023\/08\/check.png\" alt=\"\" width=\"27\" height=\"24\" \/> Ex\u00e0men te\u00f2rica<\/p>\n<p>TOTAL: 290\u20ac + IVA = 350\u201990\u20ac<\/p>","protected":false},"featured_media":1765,"template":"","meta":{"_joinchat":[]},"product_brand":[],"product_cat":[22,24,45,38],"product_tag":[],"class_list":{"0":"post-1290","1":"product","2":"type-product","3":"status-publish","4":"has-post-thumbnail","6":"product_cat-carnets","7":"product_cat-lleida","8":"product_cat-pack","9":"product_cat-permis-b","11":"first","12":"instock","13":"taxable","14":"shipping-taxable","15":"purchasable","16":"product-type-simple"},"yoast_head":"<!-- This site is optimized with the Yoast SEO plugin v27.4 - https:\/\/yoast.com\/product\/yoast-seo-wordpress\/ -->\n<title>PERM\u00cdS B - PACK 1 - Autoescoles Mir\u00f3<\/title>\n<meta name=\"robots\" content=\"index, follow, max-snippet:-1, max-image-preview:large, max-video-preview:-1\" \/>\n<link rel=\"canonical\" href=\"https:\/\/autoescolesmiro.com\/es\/producto\/permis-b-pack-1\/\" \/>\n<meta property=\"og:locale\" content=\"es_ES\" \/>\n<meta property=\"og:type\" content=\"article\" \/>\n<meta property=\"og:title\" content=\"PERM\u00cdS B - PACK 1 - Autoescoles Mir\u00f3\" \/>\n<meta property=\"og:description\" content=\"Matr\u00edcula   Te\u00f2rica (Test online + Llibre + Professor Virtual   Tramitaci\u00f3 d\u2019expedient   Ex\u00e0men te\u00f2rica  TOTAL: 290\u20ac + IVA = 350\u201990\u20ac\" \/>\n<meta property=\"og:url\" content=\"https:\/\/autoescolesmiro.com\/es\/producto\/permis-b-pack-1\/\" \/>\n<meta property=\"og:site_name\" content=\"Autoescoles Mir\u00f3\" \/>\n<meta property=\"article:publisher\" content=\"https:\/\/m.facebook.com\/autoescola.miro\/\" \/>\n<meta property=\"article:modified_time\" content=\"2023-09-12T15:57:29+00:00\" \/>\n<meta property=\"og:image\" content=\"https:\/\/autoescolesmiro.com\/wp-content\/uploads\/2023\/08\/producto.jpg\" \/>\n\t<meta property=\"og:image:width\" content=\"1250\" \/>\n\t<meta property=\"og:image:height\" content=\"1249\" \/>\n\t<meta property=\"og:image:type\" content=\"image\/jpeg\" \/>\n<meta name=\"twitter:card\" content=\"summary_large_image\" \/>\n<script type=\"application\/ld+json\" class=\"yoast-schema-graph\">{\"@context\":\"https:\\\/\\\/schema.org\",\"@graph\":[{\"@type\":\"WebPage\",\"@id\":\"https:\\\/\\\/autoescolesmiro.com\\\/producte\\\/permis-b-pack-1\\\/\",\"url\":\"https:\\\/\\\/autoescolesmiro.com\\\/producte\\\/permis-b-pack-1\\\/\",\"name\":\"PERM\u00cdS B - PACK 1 - Autoescoles Mir\u00f3\",\"isPartOf\":{\"@id\":\"https:\\\/\\\/autoescolesmiro.com\\\/#website\"},\"primaryImageOfPage\":{\"@id\":\"https:\\\/\\\/autoescolesmiro.com\\\/producte\\\/permis-b-pack-1\\\/#primaryimage\"},\"image\":{\"@id\":\"https:\\\/\\\/autoescolesmiro.com\\\/producte\\\/permis-b-pack-1\\\/#primaryimage\"},\"thumbnailUrl\":\"https:\\\/\\\/autoescolesmiro.com\\\/wp-content\\\/uploads\\\/2023\\\/08\\\/producto.jpg\",\"datePublished\":\"2023-08-10T13:13:11+00:00\",\"dateModified\":\"2023-09-12T15:57:29+00:00\",\"breadcrumb\":{\"@id\":\"https:\\\/\\\/autoescolesmiro.com\\\/producte\\\/permis-b-pack-1\\\/#breadcrumb\"},\"inLanguage\":\"es\",\"potentialAction\":[{\"@type\":\"ReadAction\",\"target\":[\"https:\\\/\\\/autoescolesmiro.com\\\/producte\\\/permis-b-pack-1\\\/\"]}]},{\"@type\":\"ImageObject\",\"inLanguage\":\"es\",\"@id\":\"https:\\\/\\\/autoescolesmiro.com\\\/producte\\\/permis-b-pack-1\\\/#primaryimage\",\"url\":\"https:\\\/\\\/autoescolesmiro.com\\\/wp-content\\\/uploads\\\/2023\\\/08\\\/producto.jpg\",\"contentUrl\":\"https:\\\/\\\/autoescolesmiro.com\\\/wp-content\\\/uploads\\\/2023\\\/08\\\/producto.jpg\",\"width\":1250,\"height\":1249},{\"@type\":\"BreadcrumbList\",\"@id\":\"https:\\\/\\\/autoescolesmiro.com\\\/producte\\\/permis-b-pack-1\\\/#breadcrumb\",\"itemListElement\":[{\"@type\":\"ListItem\",\"position\":1,\"name\":\"Portada\",\"item\":\"https:\\\/\\\/autoescolesmiro.com\\\/\"},{\"@type\":\"ListItem\",\"position\":2,\"name\":\"Tienda Online\",\"item\":\"https:\\\/\\\/autoescolesmiro.com\\\/tienda-online\\\/\"},{\"@type\":\"ListItem\",\"position\":3,\"name\":\"PERM\u00cdS B &#8211; PACK 1\"}]},{\"@type\":\"WebSite\",\"@id\":\"https:\\\/\\\/autoescolesmiro.com\\\/#website\",\"url\":\"https:\\\/\\\/autoescolesmiro.com\\\/\",\"name\":\"Autoescoles Mir\u00f3\",\"description\":\"Autoescoles mir\u00f3 m\u00e9s de 60 anys formant conductors\",\"publisher\":{\"@id\":\"https:\\\/\\\/autoescolesmiro.com\\\/#organization\"},\"potentialAction\":[{\"@type\":\"SearchAction\",\"target\":{\"@type\":\"EntryPoint\",\"urlTemplate\":\"https:\\\/\\\/autoescolesmiro.com\\\/?s={search_term_string}\"},\"query-input\":{\"@type\":\"PropertyValueSpecification\",\"valueRequired\":true,\"valueName\":\"search_term_string\"}}],\"inLanguage\":\"es\"},{\"@type\":\"Organization\",\"@id\":\"https:\\\/\\\/autoescolesmiro.com\\\/#organization\",\"name\":\"Autoescoles Mir\u00f3\",\"url\":\"https:\\\/\\\/autoescolesmiro.com\\\/\",\"logo\":{\"@type\":\"ImageObject\",\"inLanguage\":\"es\",\"@id\":\"https:\\\/\\\/autoescolesmiro.com\\\/#\\\/schema\\\/logo\\\/image\\\/\",\"url\":\"https:\\\/\\\/autoescolesmiro.com\\\/wp-content\\\/uploads\\\/2023\\\/08\\\/Diseno-sin-titulo.png\",\"contentUrl\":\"https:\\\/\\\/autoescolesmiro.com\\\/wp-content\\\/uploads\\\/2023\\\/08\\\/Diseno-sin-titulo.png\",\"width\":1500,\"height\":1500,\"caption\":\"Autoescoles Mir\u00f3\"},\"image\":{\"@id\":\"https:\\\/\\\/autoescolesmiro.com\\\/#\\\/schema\\\/logo\\\/image\\\/\"},\"sameAs\":[\"https:\\\/\\\/m.facebook.com\\\/autoescola.miro\\\/\",\"https:\\\/\\\/www.instagram.com\\\/miroautoescoles\\\/\"]}]}<\/script>\n<!-- \/ Yoast SEO plugin. -->","yoast_head_json":{"title":"PERM\u00cdS B - PACK 1 - Autoescoles Mir\u00f3","robots":{"index":"index","follow":"follow","max-snippet":"max-snippet:-1","max-image-preview":"max-image-preview:large","max-video-preview":"max-video-preview:-1"},"canonical":"https:\/\/autoescolesmiro.com\/es\/producto\/permis-b-pack-1\/","og_locale":"es_ES","og_type":"article","og_title":"PERM\u00cdS B - PACK 1 - Autoescoles Mir\u00f3","og_description":"Matr\u00edcula   Te\u00f2rica (Test online + Llibre + Professor Virtual   Tramitaci\u00f3 d\u2019expedient   Ex\u00e0men te\u00f2rica  TOTAL: 290\u20ac + IVA = 350\u201990\u20ac","og_url":"https:\/\/autoescolesmiro.com\/es\/producto\/permis-b-pack-1\/","og_site_name":"Autoescoles Mir\u00f3","article_publisher":"https:\/\/m.facebook.com\/autoescola.miro\/","article_modified_time":"2023-09-12T15:57:29+00:00","og_image":[{"width":1250,"height":1249,"url":"https:\/\/autoescolesmiro.com\/wp-content\/uploads\/2023\/08\/producto.jpg","type":"image\/jpeg"}],"twitter_card":"summary_large_image","schema":{"@context":"https:\/\/schema.org","@graph":[{"@type":"WebPage","@id":"https:\/\/autoescolesmiro.com\/producte\/permis-b-pack-1\/","url":"https:\/\/autoescolesmiro.com\/producte\/permis-b-pack-1\/","name":"PERM\u00cdS B - PACK 1 - Autoescoles Mir\u00f3","isPartOf":{"@id":"https:\/\/autoescolesmiro.com\/#website"},"primaryImageOfPage":{"@id":"https:\/\/autoescolesmiro.com\/producte\/permis-b-pack-1\/#primaryimage"},"image":{"@id":"https:\/\/autoescolesmiro.com\/producte\/permis-b-pack-1\/#primaryimage"},"thumbnailUrl":"https:\/\/autoescolesmiro.com\/wp-content\/uploads\/2023\/08\/producto.jpg","datePublished":"2023-08-10T13:13:11+00:00","dateModified":"2023-09-12T15:57:29+00:00","breadcrumb":{"@id":"https:\/\/autoescolesmiro.com\/producte\/permis-b-pack-1\/#breadcrumb"},"inLanguage":"es","potentialAction":[{"@type":"ReadAction","target":["https:\/\/autoescolesmiro.com\/producte\/permis-b-pack-1\/"]}]},{"@type":"ImageObject","inLanguage":"es","@id":"https:\/\/autoescolesmiro.com\/producte\/permis-b-pack-1\/#primaryimage","url":"https:\/\/autoescolesmiro.com\/wp-content\/uploads\/2023\/08\/producto.jpg","contentUrl":"https:\/\/autoescolesmiro.com\/wp-content\/uploads\/2023\/08\/producto.jpg","width":1250,"height":1249},{"@type":"BreadcrumbList","@id":"https:\/\/autoescolesmiro.com\/producte\/permis-b-pack-1\/#breadcrumb","itemListElement":[{"@type":"ListItem","position":1,"name":"Portada","item":"https:\/\/autoescolesmiro.com\/"},{"@type":"ListItem","position":2,"name":"Tienda Online","item":"https:\/\/autoescolesmiro.com\/tienda-online\/"},{"@type":"ListItem","position":3,"name":"PERM\u00cdS B &#8211; PACK 1"}]},{"@type":"WebSite","@id":"https:\/\/autoescolesmiro.com\/#website","url":"https:\/\/autoescolesmiro.com\/","name":"Autoescoles Mir\u00f3","description":"Autoescoles mir\u00f3 m\u00e9s de 60 anys formant conductors","publisher":{"@id":"https:\/\/autoescolesmiro.com\/#organization"},"potentialAction":[{"@type":"SearchAction","target":{"@type":"EntryPoint","urlTemplate":"https:\/\/autoescolesmiro.com\/?s={search_term_string}"},"query-input":{"@type":"PropertyValueSpecification","valueRequired":true,"valueName":"search_term_string"}}],"inLanguage":"es"},{"@type":"Organization","@id":"https:\/\/autoescolesmiro.com\/#organization","name":"Autoescoles Mir\u00f3","url":"https:\/\/autoescolesmiro.com\/","logo":{"@type":"ImageObject","inLanguage":"es","@id":"https:\/\/autoescolesmiro.com\/#\/schema\/logo\/image\/","url":"https:\/\/autoescolesmiro.com\/wp-content\/uploads\/2023\/08\/Diseno-sin-titulo.png","contentUrl":"https:\/\/autoescolesmiro.com\/wp-content\/uploads\/2023\/08\/Diseno-sin-titulo.png","width":1500,"height":1500,"caption":"Autoescoles Mir\u00f3"},"image":{"@id":"https:\/\/autoescolesmiro.com\/#\/schema\/logo\/image\/"},"sameAs":["https:\/\/m.facebook.com\/autoescola.miro\/","https:\/\/www.instagram.com\/miroautoescoles\/"]}]}},"_links":{"self":[{"href":"https:\/\/autoescolesmiro.com\/es\/wp-json\/wp\/v2\/product\/1290","targetHints":{"allow":["GET"]}}],"collection":[{"href":"https:\/\/autoescolesmiro.com\/es\/wp-json\/wp\/v2\/product"}],"about":[{"href":"https:\/\/autoescolesmiro.com\/es\/wp-json\/wp\/v2\/types\/product"}],"wp:featuredmedia":[{"embeddable":true,"href":"https:\/\/autoescolesmiro.com\/es\/wp-json\/wp\/v2\/media\/1765"}],"wp:attachment":[{"href":"https:\/\/autoescolesmiro.com\/es\/wp-json\/wp\/v2\/media?parent=1290"}],"wp:term":[{"taxonomy":"product_brand","embeddable":true,"href":"https:\/\/autoescolesmiro.com\/es\/wp-json\/wp\/v2\/product_brand?post=1290"},{"taxonomy":"product_cat","embeddable":true,"href":"https:\/\/autoescolesmiro.com\/es\/wp-json\/wp\/v2\/product_cat?post=1290"},{"taxonomy":"product_tag","embeddable":true,"href":"https:\/\/autoescolesmiro.com\/es\/wp-json\/wp\/v2\/product_tag?post=1290"}],"curies":[{"name":"wp","href":"https:\/\/api.w.org\/{rel}","templated":true}]}}