{"id":1929,"date":"2023-08-31T23:23:36","date_gmt":"2023-08-31T23:23:36","guid":{"rendered":"https:\/\/autoescolesmiro.com\/?post_type=product&#038;p=1929"},"modified":"2024-01-04T08:52:20","modified_gmt":"2024-01-04T08:52:20","slug":"duplicat-canvi-de-nie-a-dni-targeta-cap","status":"publish","type":"product","link":"https:\/\/autoescolesmiro.com\/es\/producto\/duplicat-canvi-de-nie-a-dni-targeta-cap\/","title":{"rendered":"Duplicat, canvi de NIE a DNI Targeta CAP"},"content":{"rendered":"<div data-elementor-type=\"product-post\" data-elementor-id=\"1929\" class=\"elementor elementor-1929\" data-elementor-post-type=\"product\">\n\t\t\t\t\t\t<section class=\"elementor-section elementor-top-section elementor-element elementor-element-326bcae elementor-section-boxed elementor-section-height-default elementor-section-height-default\" data-id=\"326bcae\" data-element_type=\"section\" data-e-type=\"section\" data-settings=\"{&quot;background_background&quot;:&quot;classic&quot;}\">\n\t\t\t\t\t\t<div class=\"elementor-container elementor-column-gap-default\">\n\t\t\t\t\t<div class=\"elementor-column elementor-col-100 elementor-top-column elementor-element elementor-element-3d5ddc1\" data-id=\"3d5ddc1\" data-element_type=\"column\" data-e-type=\"column\">\n\t\t\t<div class=\"elementor-widget-wrap elementor-element-populated\">\n\t\t\t\t\t\t<div class=\"elementor-element elementor-element-11774c3 elementor-widget elementor-widget-text-editor\" data-id=\"11774c3\" data-element_type=\"widget\" data-e-type=\"widget\" data-widget_type=\"text-editor.default\">\n\t\t\t\t<div class=\"elementor-widget-container\">\n\t\t\t\t\t\t\t\t\t<p><strong>QU\u00c8 INCLOU?<\/strong><\/p>\t\t\t\t\t\t\t\t<\/div>\n\t\t\t\t<\/div>\n\t\t\t\t<div class=\"elementor-element elementor-element-97eb0b7 elementor-icon-list--layout-traditional elementor-list-item-link-full_width elementor-widget elementor-widget-icon-list\" data-id=\"97eb0b7\" data-element_type=\"widget\" data-e-type=\"widget\" data-widget_type=\"icon-list.default\">\n\t\t\t\t<div class=\"elementor-widget-container\">\n\t\t\t\t\t\t\t<ul class=\"elementor-icon-list-items\">\n\t\t\t\t\t\t\t<li class=\"elementor-icon-list-item\">\n\t\t\t\t\t\t\t\t\t\t\t<span class=\"elementor-icon-list-icon\">\n\t\t\t\t\t\t\t<i aria-hidden=\"true\" class=\"fas fa-check-circle\"><\/i>\t\t\t\t\t\t<\/span>\n\t\t\t\t\t\t\t\t\t\t<span class=\"elementor-icon-list-text\">Tr\u00e0mit (42,35\u20ac)<\/span>\n\t\t\t\t\t\t\t\t\t<\/li>\n\t\t\t\t\t\t\t\t<li class=\"elementor-icon-list-item\">\n\t\t\t\t\t\t\t\t\t\t\t<span class=\"elementor-icon-list-icon\">\n\t\t\t\t\t\t\t<i aria-hidden=\"true\" class=\"fas fa-check-circle\"><\/i>\t\t\t\t\t\t<\/span>\n\t\t\t\t\t\t\t\t\t\t<span class=\"elementor-icon-list-text\">Taxa d'Expedici\u00f3 de la Targeta (44,10\u20ac)<\/span>\n\t\t\t\t\t\t\t\t\t<\/li>\n\t\t\t\t\t\t<\/ul>\n\t\t\t\t\t\t<\/div>\n\t\t\t\t<\/div>\n\t\t\t\t\t<\/div>\n\t\t<\/div>\n\t\t\t\t\t<\/div>\n\t\t<\/section>\n\t\t\t\t<\/div>","protected":false},"excerpt":{"rendered":"<p>QU\u00c8 INCLOU? &nbsp; Tr\u00e0mit (42,35\u20ac) Taxa d&#8217;Expedici\u00f3 de la Targeta (44,10\u20ac)<\/p>","protected":false},"featured_media":3810,"template":"","meta":{"_joinchat":[]},"product_brand":[],"product_cat":[27,26,25,24,48],"product_tag":[],"class_list":{"0":"post-1929","1":"product","2":"type-product","3":"status-publish","4":"has-post-thumbnail","6":"product_cat-agramunt","7":"product_cat-artesa-de-segre","8":"product_cat-guissona","9":"product_cat-lleida","10":"product_cat-tramits","12":"first","13":"instock","14":"taxable","15":"shipping-taxable","16":"purchasable","17":"product-type-simple"},"yoast_head":"<!-- This site is optimized with the Yoast SEO plugin v27.4 - https:\/\/yoast.com\/product\/yoast-seo-wordpress\/ -->\n<title>Duplicat, canvi de NIE a DNI Targeta CAP - Autoescoles Mir\u00f3<\/title>\n<meta name=\"robots\" content=\"index, follow, max-snippet:-1, max-image-preview:large, max-video-preview:-1\" \/>\n<link rel=\"canonical\" href=\"https:\/\/autoescolesmiro.com\/es\/producto\/duplicat-canvi-de-nie-a-dni-targeta-cap\/\" \/>\n<meta property=\"og:locale\" content=\"es_ES\" \/>\n<meta property=\"og:type\" content=\"article\" \/>\n<meta property=\"og:title\" content=\"Duplicat, canvi de NIE a DNI Targeta CAP - Autoescoles Mir\u00f3\" \/>\n<meta property=\"og:description\" content=\"QU\u00c8 INCLOU? &nbsp; Tr\u00e0mit (42,35\u20ac) Taxa d&#8217;Expedici\u00f3 de la Targeta (44,10\u20ac)\" \/>\n<meta property=\"og:url\" content=\"https:\/\/autoescolesmiro.com\/es\/producto\/duplicat-canvi-de-nie-a-dni-targeta-cap\/\" \/>\n<meta property=\"og:site_name\" content=\"Autoescoles Mir\u00f3\" \/>\n<meta property=\"article:publisher\" content=\"https:\/\/m.facebook.com\/autoescola.miro\/\" \/>\n<meta property=\"article:modified_time\" content=\"2024-01-04T08:52:20+00:00\" \/>\n<meta property=\"og:image\" content=\"https:\/\/autoescolesmiro.com\/wp-content\/uploads\/2023\/08\/default-woo.jpg\" \/>\n\t<meta property=\"og:image:width\" content=\"800\" \/>\n\t<meta property=\"og:image:height\" content=\"800\" \/>\n\t<meta property=\"og:image:type\" content=\"image\/jpeg\" \/>\n<meta name=\"twitter:card\" content=\"summary_large_image\" \/>\n<meta name=\"twitter:label1\" content=\"Tiempo de lectura\" \/>\n\t<meta name=\"twitter:data1\" content=\"1 minuto\" \/>\n<script type=\"application\/ld+json\" class=\"yoast-schema-graph\">{\"@context\":\"https:\\\/\\\/schema.org\",\"@graph\":[{\"@type\":\"WebPage\",\"@id\":\"https:\\\/\\\/autoescolesmiro.com\\\/producte\\\/duplicat-canvi-de-nie-a-dni-targeta-cap\\\/\",\"url\":\"https:\\\/\\\/autoescolesmiro.com\\\/producte\\\/duplicat-canvi-de-nie-a-dni-targeta-cap\\\/\",\"name\":\"Duplicat, canvi de NIE a DNI Targeta CAP - Autoescoles Mir\u00f3\",\"isPartOf\":{\"@id\":\"https:\\\/\\\/autoescolesmiro.com\\\/#website\"},\"primaryImageOfPage\":{\"@id\":\"https:\\\/\\\/autoescolesmiro.com\\\/producte\\\/duplicat-canvi-de-nie-a-dni-targeta-cap\\\/#primaryimage\"},\"image\":{\"@id\":\"https:\\\/\\\/autoescolesmiro.com\\\/producte\\\/duplicat-canvi-de-nie-a-dni-targeta-cap\\\/#primaryimage\"},\"thumbnailUrl\":\"https:\\\/\\\/autoescolesmiro.com\\\/wp-content\\\/uploads\\\/2023\\\/08\\\/default-woo.jpg\",\"datePublished\":\"2023-08-31T23:23:36+00:00\",\"dateModified\":\"2024-01-04T08:52:20+00:00\",\"breadcrumb\":{\"@id\":\"https:\\\/\\\/autoescolesmiro.com\\\/producte\\\/duplicat-canvi-de-nie-a-dni-targeta-cap\\\/#breadcrumb\"},\"inLanguage\":\"es\",\"potentialAction\":[{\"@type\":\"ReadAction\",\"target\":[\"https:\\\/\\\/autoescolesmiro.com\\\/producte\\\/duplicat-canvi-de-nie-a-dni-targeta-cap\\\/\"]}]},{\"@type\":\"ImageObject\",\"inLanguage\":\"es\",\"@id\":\"https:\\\/\\\/autoescolesmiro.com\\\/producte\\\/duplicat-canvi-de-nie-a-dni-targeta-cap\\\/#primaryimage\",\"url\":\"https:\\\/\\\/autoescolesmiro.com\\\/wp-content\\\/uploads\\\/2023\\\/08\\\/default-woo.jpg\",\"contentUrl\":\"https:\\\/\\\/autoescolesmiro.com\\\/wp-content\\\/uploads\\\/2023\\\/08\\\/default-woo.jpg\",\"width\":800,\"height\":800},{\"@type\":\"BreadcrumbList\",\"@id\":\"https:\\\/\\\/autoescolesmiro.com\\\/producte\\\/duplicat-canvi-de-nie-a-dni-targeta-cap\\\/#breadcrumb\",\"itemListElement\":[{\"@type\":\"ListItem\",\"position\":1,\"name\":\"Portada\",\"item\":\"https:\\\/\\\/autoescolesmiro.com\\\/\"},{\"@type\":\"ListItem\",\"position\":2,\"name\":\"Tienda Online\",\"item\":\"https:\\\/\\\/autoescolesmiro.com\\\/tienda-online\\\/\"},{\"@type\":\"ListItem\",\"position\":3,\"name\":\"Duplicat, canvi de NIE a DNI Targeta CAP\"}]},{\"@type\":\"WebSite\",\"@id\":\"https:\\\/\\\/autoescolesmiro.com\\\/#website\",\"url\":\"https:\\\/\\\/autoescolesmiro.com\\\/\",\"name\":\"Autoescoles Mir\u00f3\",\"description\":\"Autoescoles mir\u00f3 m\u00e9s de 60 anys formant conductors\",\"publisher\":{\"@id\":\"https:\\\/\\\/autoescolesmiro.com\\\/#organization\"},\"potentialAction\":[{\"@type\":\"SearchAction\",\"target\":{\"@type\":\"EntryPoint\",\"urlTemplate\":\"https:\\\/\\\/autoescolesmiro.com\\\/?s={search_term_string}\"},\"query-input\":{\"@type\":\"PropertyValueSpecification\",\"valueRequired\":true,\"valueName\":\"search_term_string\"}}],\"inLanguage\":\"es\"},{\"@type\":\"Organization\",\"@id\":\"https:\\\/\\\/autoescolesmiro.com\\\/#organization\",\"name\":\"Autoescoles Mir\u00f3\",\"url\":\"https:\\\/\\\/autoescolesmiro.com\\\/\",\"logo\":{\"@type\":\"ImageObject\",\"inLanguage\":\"es\",\"@id\":\"https:\\\/\\\/autoescolesmiro.com\\\/#\\\/schema\\\/logo\\\/image\\\/\",\"url\":\"https:\\\/\\\/autoescolesmiro.com\\\/wp-content\\\/uploads\\\/2023\\\/08\\\/Diseno-sin-titulo.png\",\"contentUrl\":\"https:\\\/\\\/autoescolesmiro.com\\\/wp-content\\\/uploads\\\/2023\\\/08\\\/Diseno-sin-titulo.png\",\"width\":1500,\"height\":1500,\"caption\":\"Autoescoles Mir\u00f3\"},\"image\":{\"@id\":\"https:\\\/\\\/autoescolesmiro.com\\\/#\\\/schema\\\/logo\\\/image\\\/\"},\"sameAs\":[\"https:\\\/\\\/m.facebook.com\\\/autoescola.miro\\\/\",\"https:\\\/\\\/www.instagram.com\\\/miroautoescoles\\\/\"]}]}<\/script>\n<!-- \/ Yoast SEO plugin. -->","yoast_head_json":{"title":"Duplicat, canvi de NIE a DNI Targeta CAP - Autoescoles Mir\u00f3","robots":{"index":"index","follow":"follow","max-snippet":"max-snippet:-1","max-image-preview":"max-image-preview:large","max-video-preview":"max-video-preview:-1"},"canonical":"https:\/\/autoescolesmiro.com\/es\/producto\/duplicat-canvi-de-nie-a-dni-targeta-cap\/","og_locale":"es_ES","og_type":"article","og_title":"Duplicat, canvi de NIE a DNI Targeta CAP - Autoescoles Mir\u00f3","og_description":"QU\u00c8 INCLOU? &nbsp; Tr\u00e0mit (42,35\u20ac) Taxa d&#8217;Expedici\u00f3 de la Targeta (44,10\u20ac)","og_url":"https:\/\/autoescolesmiro.com\/es\/producto\/duplicat-canvi-de-nie-a-dni-targeta-cap\/","og_site_name":"Autoescoles Mir\u00f3","article_publisher":"https:\/\/m.facebook.com\/autoescola.miro\/","article_modified_time":"2024-01-04T08:52:20+00:00","og_image":[{"width":800,"height":800,"url":"https:\/\/autoescolesmiro.com\/wp-content\/uploads\/2023\/08\/default-woo.jpg","type":"image\/jpeg"}],"twitter_card":"summary_large_image","twitter_misc":{"Tiempo de lectura":"1 minuto"},"schema":{"@context":"https:\/\/schema.org","@graph":[{"@type":"WebPage","@id":"https:\/\/autoescolesmiro.com\/producte\/duplicat-canvi-de-nie-a-dni-targeta-cap\/","url":"https:\/\/autoescolesmiro.com\/producte\/duplicat-canvi-de-nie-a-dni-targeta-cap\/","name":"Duplicat, canvi de NIE a DNI Targeta CAP - Autoescoles Mir\u00f3","isPartOf":{"@id":"https:\/\/autoescolesmiro.com\/#website"},"primaryImageOfPage":{"@id":"https:\/\/autoescolesmiro.com\/producte\/duplicat-canvi-de-nie-a-dni-targeta-cap\/#primaryimage"},"image":{"@id":"https:\/\/autoescolesmiro.com\/producte\/duplicat-canvi-de-nie-a-dni-targeta-cap\/#primaryimage"},"thumbnailUrl":"https:\/\/autoescolesmiro.com\/wp-content\/uploads\/2023\/08\/default-woo.jpg","datePublished":"2023-08-31T23:23:36+00:00","dateModified":"2024-01-04T08:52:20+00:00","breadcrumb":{"@id":"https:\/\/autoescolesmiro.com\/producte\/duplicat-canvi-de-nie-a-dni-targeta-cap\/#breadcrumb"},"inLanguage":"es","potentialAction":[{"@type":"ReadAction","target":["https:\/\/autoescolesmiro.com\/producte\/duplicat-canvi-de-nie-a-dni-targeta-cap\/"]}]},{"@type":"ImageObject","inLanguage":"es","@id":"https:\/\/autoescolesmiro.com\/producte\/duplicat-canvi-de-nie-a-dni-targeta-cap\/#primaryimage","url":"https:\/\/autoescolesmiro.com\/wp-content\/uploads\/2023\/08\/default-woo.jpg","contentUrl":"https:\/\/autoescolesmiro.com\/wp-content\/uploads\/2023\/08\/default-woo.jpg","width":800,"height":800},{"@type":"BreadcrumbList","@id":"https:\/\/autoescolesmiro.com\/producte\/duplicat-canvi-de-nie-a-dni-targeta-cap\/#breadcrumb","itemListElement":[{"@type":"ListItem","position":1,"name":"Portada","item":"https:\/\/autoescolesmiro.com\/"},{"@type":"ListItem","position":2,"name":"Tienda Online","item":"https:\/\/autoescolesmiro.com\/tienda-online\/"},{"@type":"ListItem","position":3,"name":"Duplicat, canvi de NIE a DNI Targeta CAP"}]},{"@type":"WebSite","@id":"https:\/\/autoescolesmiro.com\/#website","url":"https:\/\/autoescolesmiro.com\/","name":"Autoescoles Mir\u00f3","description":"Autoescoles mir\u00f3 m\u00e9s de 60 anys formant conductors","publisher":{"@id":"https:\/\/autoescolesmiro.com\/#organization"},"potentialAction":[{"@type":"SearchAction","target":{"@type":"EntryPoint","urlTemplate":"https:\/\/autoescolesmiro.com\/?s={search_term_string}"},"query-input":{"@type":"PropertyValueSpecification","valueRequired":true,"valueName":"search_term_string"}}],"inLanguage":"es"},{"@type":"Organization","@id":"https:\/\/autoescolesmiro.com\/#organization","name":"Autoescoles Mir\u00f3","url":"https:\/\/autoescolesmiro.com\/","logo":{"@type":"ImageObject","inLanguage":"es","@id":"https:\/\/autoescolesmiro.com\/#\/schema\/logo\/image\/","url":"https:\/\/autoescolesmiro.com\/wp-content\/uploads\/2023\/08\/Diseno-sin-titulo.png","contentUrl":"https:\/\/autoescolesmiro.com\/wp-content\/uploads\/2023\/08\/Diseno-sin-titulo.png","width":1500,"height":1500,"caption":"Autoescoles Mir\u00f3"},"image":{"@id":"https:\/\/autoescolesmiro.com\/#\/schema\/logo\/image\/"},"sameAs":["https:\/\/m.facebook.com\/autoescola.miro\/","https:\/\/www.instagram.com\/miroautoescoles\/"]}]}},"_links":{"self":[{"href":"https:\/\/autoescolesmiro.com\/es\/wp-json\/wp\/v2\/product\/1929","targetHints":{"allow":["GET"]}}],"collection":[{"href":"https:\/\/autoescolesmiro.com\/es\/wp-json\/wp\/v2\/product"}],"about":[{"href":"https:\/\/autoescolesmiro.com\/es\/wp-json\/wp\/v2\/types\/product"}],"wp:featuredmedia":[{"embeddable":true,"href":"https:\/\/autoescolesmiro.com\/es\/wp-json\/wp\/v2\/media\/3810"}],"wp:attachment":[{"href":"https:\/\/autoescolesmiro.com\/es\/wp-json\/wp\/v2\/media?parent=1929"}],"wp:term":[{"taxonomy":"product_brand","embeddable":true,"href":"https:\/\/autoescolesmiro.com\/es\/wp-json\/wp\/v2\/product_brand?post=1929"},{"taxonomy":"product_cat","embeddable":true,"href":"https:\/\/autoescolesmiro.com\/es\/wp-json\/wp\/v2\/product_cat?post=1929"},{"taxonomy":"product_tag","embeddable":true,"href":"https:\/\/autoescolesmiro.com\/es\/wp-json\/wp\/v2\/product_tag?post=1929"}],"curies":[{"name":"wp","href":"https:\/\/api.w.org\/{rel}","templated":true}]}}