{"id":2281,"date":"2023-09-11T18:07:23","date_gmt":"2023-09-11T18:07:23","guid":{"rendered":"https:\/\/autoescolesmiro.com\/?post_type=product&#038;p=2281"},"modified":"2023-09-12T15:57:07","modified_gmt":"2023-09-12T15:57:07","slug":"especifica-permis","status":"publish","type":"product","link":"https:\/\/autoescolesmiro.com\/es\/producto\/especifica-permis\/","title":{"rendered":"Espec\u00edfica Perm\u00eds CE"},"content":{"rendered":"<p><strong>QU\u00c8 INCLOU?<\/strong><\/p>\n<p>&nbsp;<\/p>\n<ul>\n<li>Espec\u00edfica Perm\u00eds CE Sense Pack<\/li>\n<li>Test Online + Llibre<\/li>\n<\/ul>","protected":false},"excerpt":{"rendered":"<p>QU\u00c8 INCLOU? &nbsp; Espec\u00edfica Perm\u00eds CE Sense Pack Test Online + Llibre<\/p>","protected":false},"featured_media":2272,"template":"","meta":{"_joinchat":[]},"product_brand":[],"product_cat":[27,26,22,25,41,46],"product_tag":[],"class_list":{"0":"post-2281","1":"product","2":"type-product","3":"status-publish","4":"has-post-thumbnail","6":"product_cat-agramunt","7":"product_cat-artesa-de-segre","8":"product_cat-carnets","9":"product_cat-guissona","10":"product_cat-permis-ce","11":"product_cat-sense-pack","13":"first","14":"instock","15":"taxable","16":"shipping-taxable","17":"purchasable","18":"product-type-simple"},"yoast_head":"<!-- This site is optimized with the Yoast SEO plugin v27.4 - https:\/\/yoast.com\/product\/yoast-seo-wordpress\/ -->\n<title>Espec\u00edfica Perm\u00eds CE - Autoescoles Mir\u00f3<\/title>\n<meta name=\"robots\" content=\"index, follow, max-snippet:-1, max-image-preview:large, max-video-preview:-1\" \/>\n<link rel=\"canonical\" href=\"https:\/\/autoescolesmiro.com\/es\/producto\/especifica-permis\/\" \/>\n<meta property=\"og:locale\" content=\"es_ES\" \/>\n<meta property=\"og:type\" content=\"article\" \/>\n<meta property=\"og:title\" content=\"Espec\u00edfica Perm\u00eds CE - Autoescoles Mir\u00f3\" \/>\n<meta property=\"og:description\" content=\"QU\u00c8 INCLOU? &nbsp; Espec\u00edfica Perm\u00eds CE Sense Pack Test Online + Llibre\" \/>\n<meta property=\"og:url\" content=\"https:\/\/autoescolesmiro.com\/es\/producto\/especifica-permis\/\" \/>\n<meta property=\"og:site_name\" content=\"Autoescoles Mir\u00f3\" \/>\n<meta property=\"article:publisher\" content=\"https:\/\/m.facebook.com\/autoescola.miro\/\" \/>\n<meta property=\"article:modified_time\" content=\"2023-09-12T15:57:07+00:00\" \/>\n<meta property=\"og:image\" content=\"https:\/\/autoescolesmiro.com\/wp-content\/uploads\/2023\/08\/Diseno-sin-titulo-3.png\" \/>\n\t<meta property=\"og:image:width\" content=\"1080\" \/>\n\t<meta property=\"og:image:height\" content=\"1080\" \/>\n\t<meta property=\"og:image:type\" content=\"image\/png\" \/>\n<meta name=\"twitter:card\" content=\"summary_large_image\" \/>\n<script type=\"application\/ld+json\" class=\"yoast-schema-graph\">{\"@context\":\"https:\\\/\\\/schema.org\",\"@graph\":[{\"@type\":\"WebPage\",\"@id\":\"https:\\\/\\\/autoescolesmiro.com\\\/producte\\\/especifica-permis\\\/\",\"url\":\"https:\\\/\\\/autoescolesmiro.com\\\/producte\\\/especifica-permis\\\/\",\"name\":\"Espec\u00edfica Perm\u00eds CE - Autoescoles Mir\u00f3\",\"isPartOf\":{\"@id\":\"https:\\\/\\\/autoescolesmiro.com\\\/#website\"},\"primaryImageOfPage\":{\"@id\":\"https:\\\/\\\/autoescolesmiro.com\\\/producte\\\/especifica-permis\\\/#primaryimage\"},\"image\":{\"@id\":\"https:\\\/\\\/autoescolesmiro.com\\\/producte\\\/especifica-permis\\\/#primaryimage\"},\"thumbnailUrl\":\"https:\\\/\\\/autoescolesmiro.com\\\/wp-content\\\/uploads\\\/2023\\\/08\\\/Diseno-sin-titulo-3.png\",\"datePublished\":\"2023-09-11T18:07:23+00:00\",\"dateModified\":\"2023-09-12T15:57:07+00:00\",\"breadcrumb\":{\"@id\":\"https:\\\/\\\/autoescolesmiro.com\\\/producte\\\/especifica-permis\\\/#breadcrumb\"},\"inLanguage\":\"es\",\"potentialAction\":[{\"@type\":\"ReadAction\",\"target\":[\"https:\\\/\\\/autoescolesmiro.com\\\/producte\\\/especifica-permis\\\/\"]}]},{\"@type\":\"ImageObject\",\"inLanguage\":\"es\",\"@id\":\"https:\\\/\\\/autoescolesmiro.com\\\/producte\\\/especifica-permis\\\/#primaryimage\",\"url\":\"https:\\\/\\\/autoescolesmiro.com\\\/wp-content\\\/uploads\\\/2023\\\/08\\\/Diseno-sin-titulo-3.png\",\"contentUrl\":\"https:\\\/\\\/autoescolesmiro.com\\\/wp-content\\\/uploads\\\/2023\\\/08\\\/Diseno-sin-titulo-3.png\",\"width\":1080,\"height\":1080},{\"@type\":\"BreadcrumbList\",\"@id\":\"https:\\\/\\\/autoescolesmiro.com\\\/producte\\\/especifica-permis\\\/#breadcrumb\",\"itemListElement\":[{\"@type\":\"ListItem\",\"position\":1,\"name\":\"Portada\",\"item\":\"https:\\\/\\\/autoescolesmiro.com\\\/\"},{\"@type\":\"ListItem\",\"position\":2,\"name\":\"Tienda Online\",\"item\":\"https:\\\/\\\/autoescolesmiro.com\\\/tienda-online\\\/\"},{\"@type\":\"ListItem\",\"position\":3,\"name\":\"Espec\u00edfica Perm\u00eds CE\"}]},{\"@type\":\"WebSite\",\"@id\":\"https:\\\/\\\/autoescolesmiro.com\\\/#website\",\"url\":\"https:\\\/\\\/autoescolesmiro.com\\\/\",\"name\":\"Autoescoles Mir\u00f3\",\"description\":\"Autoescoles mir\u00f3 m\u00e9s de 60 anys formant conductors\",\"publisher\":{\"@id\":\"https:\\\/\\\/autoescolesmiro.com\\\/#organization\"},\"potentialAction\":[{\"@type\":\"SearchAction\",\"target\":{\"@type\":\"EntryPoint\",\"urlTemplate\":\"https:\\\/\\\/autoescolesmiro.com\\\/?s={search_term_string}\"},\"query-input\":{\"@type\":\"PropertyValueSpecification\",\"valueRequired\":true,\"valueName\":\"search_term_string\"}}],\"inLanguage\":\"es\"},{\"@type\":\"Organization\",\"@id\":\"https:\\\/\\\/autoescolesmiro.com\\\/#organization\",\"name\":\"Autoescoles Mir\u00f3\",\"url\":\"https:\\\/\\\/autoescolesmiro.com\\\/\",\"logo\":{\"@type\":\"ImageObject\",\"inLanguage\":\"es\",\"@id\":\"https:\\\/\\\/autoescolesmiro.com\\\/#\\\/schema\\\/logo\\\/image\\\/\",\"url\":\"https:\\\/\\\/autoescolesmiro.com\\\/wp-content\\\/uploads\\\/2023\\\/08\\\/Diseno-sin-titulo.png\",\"contentUrl\":\"https:\\\/\\\/autoescolesmiro.com\\\/wp-content\\\/uploads\\\/2023\\\/08\\\/Diseno-sin-titulo.png\",\"width\":1500,\"height\":1500,\"caption\":\"Autoescoles Mir\u00f3\"},\"image\":{\"@id\":\"https:\\\/\\\/autoescolesmiro.com\\\/#\\\/schema\\\/logo\\\/image\\\/\"},\"sameAs\":[\"https:\\\/\\\/m.facebook.com\\\/autoescola.miro\\\/\",\"https:\\\/\\\/www.instagram.com\\\/miroautoescoles\\\/\"]}]}<\/script>\n<!-- \/ Yoast SEO plugin. -->","yoast_head_json":{"title":"Espec\u00edfica Perm\u00eds CE - Autoescoles Mir\u00f3","robots":{"index":"index","follow":"follow","max-snippet":"max-snippet:-1","max-image-preview":"max-image-preview:large","max-video-preview":"max-video-preview:-1"},"canonical":"https:\/\/autoescolesmiro.com\/es\/producto\/especifica-permis\/","og_locale":"es_ES","og_type":"article","og_title":"Espec\u00edfica Perm\u00eds CE - Autoescoles Mir\u00f3","og_description":"QU\u00c8 INCLOU? &nbsp; Espec\u00edfica Perm\u00eds CE Sense Pack Test Online + Llibre","og_url":"https:\/\/autoescolesmiro.com\/es\/producto\/especifica-permis\/","og_site_name":"Autoescoles Mir\u00f3","article_publisher":"https:\/\/m.facebook.com\/autoescola.miro\/","article_modified_time":"2023-09-12T15:57:07+00:00","og_image":[{"width":1080,"height":1080,"url":"https:\/\/autoescolesmiro.com\/wp-content\/uploads\/2023\/08\/Diseno-sin-titulo-3.png","type":"image\/png"}],"twitter_card":"summary_large_image","schema":{"@context":"https:\/\/schema.org","@graph":[{"@type":"WebPage","@id":"https:\/\/autoescolesmiro.com\/producte\/especifica-permis\/","url":"https:\/\/autoescolesmiro.com\/producte\/especifica-permis\/","name":"Espec\u00edfica Perm\u00eds CE - Autoescoles Mir\u00f3","isPartOf":{"@id":"https:\/\/autoescolesmiro.com\/#website"},"primaryImageOfPage":{"@id":"https:\/\/autoescolesmiro.com\/producte\/especifica-permis\/#primaryimage"},"image":{"@id":"https:\/\/autoescolesmiro.com\/producte\/especifica-permis\/#primaryimage"},"thumbnailUrl":"https:\/\/autoescolesmiro.com\/wp-content\/uploads\/2023\/08\/Diseno-sin-titulo-3.png","datePublished":"2023-09-11T18:07:23+00:00","dateModified":"2023-09-12T15:57:07+00:00","breadcrumb":{"@id":"https:\/\/autoescolesmiro.com\/producte\/especifica-permis\/#breadcrumb"},"inLanguage":"es","potentialAction":[{"@type":"ReadAction","target":["https:\/\/autoescolesmiro.com\/producte\/especifica-permis\/"]}]},{"@type":"ImageObject","inLanguage":"es","@id":"https:\/\/autoescolesmiro.com\/producte\/especifica-permis\/#primaryimage","url":"https:\/\/autoescolesmiro.com\/wp-content\/uploads\/2023\/08\/Diseno-sin-titulo-3.png","contentUrl":"https:\/\/autoescolesmiro.com\/wp-content\/uploads\/2023\/08\/Diseno-sin-titulo-3.png","width":1080,"height":1080},{"@type":"BreadcrumbList","@id":"https:\/\/autoescolesmiro.com\/producte\/especifica-permis\/#breadcrumb","itemListElement":[{"@type":"ListItem","position":1,"name":"Portada","item":"https:\/\/autoescolesmiro.com\/"},{"@type":"ListItem","position":2,"name":"Tienda Online","item":"https:\/\/autoescolesmiro.com\/tienda-online\/"},{"@type":"ListItem","position":3,"name":"Espec\u00edfica Perm\u00eds CE"}]},{"@type":"WebSite","@id":"https:\/\/autoescolesmiro.com\/#website","url":"https:\/\/autoescolesmiro.com\/","name":"Autoescoles Mir\u00f3","description":"Autoescoles mir\u00f3 m\u00e9s de 60 anys formant conductors","publisher":{"@id":"https:\/\/autoescolesmiro.com\/#organization"},"potentialAction":[{"@type":"SearchAction","target":{"@type":"EntryPoint","urlTemplate":"https:\/\/autoescolesmiro.com\/?s={search_term_string}"},"query-input":{"@type":"PropertyValueSpecification","valueRequired":true,"valueName":"search_term_string"}}],"inLanguage":"es"},{"@type":"Organization","@id":"https:\/\/autoescolesmiro.com\/#organization","name":"Autoescoles Mir\u00f3","url":"https:\/\/autoescolesmiro.com\/","logo":{"@type":"ImageObject","inLanguage":"es","@id":"https:\/\/autoescolesmiro.com\/#\/schema\/logo\/image\/","url":"https:\/\/autoescolesmiro.com\/wp-content\/uploads\/2023\/08\/Diseno-sin-titulo.png","contentUrl":"https:\/\/autoescolesmiro.com\/wp-content\/uploads\/2023\/08\/Diseno-sin-titulo.png","width":1500,"height":1500,"caption":"Autoescoles Mir\u00f3"},"image":{"@id":"https:\/\/autoescolesmiro.com\/#\/schema\/logo\/image\/"},"sameAs":["https:\/\/m.facebook.com\/autoescola.miro\/","https:\/\/www.instagram.com\/miroautoescoles\/"]}]}},"_links":{"self":[{"href":"https:\/\/autoescolesmiro.com\/es\/wp-json\/wp\/v2\/product\/2281","targetHints":{"allow":["GET"]}}],"collection":[{"href":"https:\/\/autoescolesmiro.com\/es\/wp-json\/wp\/v2\/product"}],"about":[{"href":"https:\/\/autoescolesmiro.com\/es\/wp-json\/wp\/v2\/types\/product"}],"wp:featuredmedia":[{"embeddable":true,"href":"https:\/\/autoescolesmiro.com\/es\/wp-json\/wp\/v2\/media\/2272"}],"wp:attachment":[{"href":"https:\/\/autoescolesmiro.com\/es\/wp-json\/wp\/v2\/media?parent=2281"}],"wp:term":[{"taxonomy":"product_brand","embeddable":true,"href":"https:\/\/autoescolesmiro.com\/es\/wp-json\/wp\/v2\/product_brand?post=2281"},{"taxonomy":"product_cat","embeddable":true,"href":"https:\/\/autoescolesmiro.com\/es\/wp-json\/wp\/v2\/product_cat?post=2281"},{"taxonomy":"product_tag","embeddable":true,"href":"https:\/\/autoescolesmiro.com\/es\/wp-json\/wp\/v2\/product_tag?post=2281"}],"curies":[{"name":"wp","href":"https:\/\/api.w.org\/{rel}","templated":true}]}}